{"id":11,"date":"2010-04-14T09:26:52","date_gmt":"2010-04-14T09:26:52","guid":{"rendered":"http:\/\/www.kldianamilicz.pl\/?page_id=11"},"modified":"2010-04-23T08:22:47","modified_gmt":"2010-04-23T08:22:47","slug":"boleslaw-zajiczek","status":"publish","type":"page","link":"http:\/\/www.kldianamilicz.pl\/?page_id=11","title":{"rendered":"Boles\u0142aw Zajiczek"},"content":{"rendered":"<p class=\"MsoNormal\"><img loading=\"lazy\" decoding=\"async\" class=\"alignleft size-full wp-image-1145\" title=\"Boles\u0142aw Zajiczek\" src=\"http:\/\/www.kldianamilicz.pl\/wp-content\/uploads\/2010\/04\/Bolek-foto.jpg\" alt=\"\" width=\"174\" height=\"215\" \/><\/p>\n<p class=\"MsoNormal\" style=\"text-indent: 35.4pt;\">B\u0119d\u0105c m\u0142odym cz\u0142owiekiem uleg\u0142 nieszcz\u0119\u015bliwemu wypadkowi, gdzie straci\u0142 oko i obie d\u0142onie. Maj\u0105c niezwyk\u0142y hart ducha nie za\u0142ama\u0142 si\u0119, nie przyj\u0105\u0142 proponowanych protez poniewa\u017c nie chcia\u0142 pog\u0142\u0119bia\u0107 kalectwa. W tym trudnym dla siebie okresie walczy\u0142 o adaptacj\u0119 swojej osoby do \u017cycia w okre\u015blonych warunkach. Praca nad sob\u0105 da\u0142a wprost niesamowite rezultaty, nie tylko, \u017ce nie sta\u0142 si\u0119 ci\u0119\u017carem dla innych ale odwrotnie zacz\u0105\u0142 wykonywa\u0107 r\u00f3\u017cne prace w ogrodzie, je\u017adzi\u0107 na rowerze, czynnie uprawia\u0107 lekkoatletyk\u0119 (biegi) i samodzielnie funkcjonowa\u0107.<\/p>\n<p class=\"MsoNormal\" style=\"text-indent: 35.4pt;\">Najprawdopodobniej ze wzgl\u0119du na zainteresowanie starszego brata Franciszka (wieloletniego Prezesa K\u0141 Diana) polubi\u0142 \u0142owiectwo. Nie mog\u0105c polowa\u0107 z broni\u0105 postanowi\u0142 inaczej si\u0119 w tej pasji spe\u0142nia\u0107. Maj\u0105c stalow\u0105 kondycj\u0119 przez wiele lat, bez wzgl\u0119du na pogod\u0119, jesieni\u0105 i zim\u0105 w prawie ka\u017cd\u0105 niedziel\u0119 prowadzi\u0142 nagank\u0119. Wraz z Franciszkiem wychowa\u0142 i u\u0142o\u017cy\u0142 wiele ps\u00f3w, kt\u00f3re przez wiele lat by\u0142y wielkim wsparciem podczas polowa\u0144 zbiorowych. Do dzisiaj starsi my\u015bliwy wspominaj\u0105 \u017babk\u0119, Lalka czy Bobka. W swoim domu przy pomocy koleg\u00f3w my\u015bliwych urz\u0105dzi\u0142 wspania\u0142y pok\u00f3j my\u015bliwski z wieloma trofeami. Nadal kontynuuje sw\u0105 pasj\u0119 \u0142owieck\u0105 czasami wybieraj\u0105c si\u0119 \u201edo lasu\u201d ze swym bratankiem Piotrem.<\/p>\n<p class=\"MsoNormal\" style=\"text-indent: 35.4pt;\">Najwi\u0119ksz\u0105 pasj\u0105 \u017cyciow\u0105 Bolka to praca z dzie\u0107mi i m\u0142odzie\u017c\u0105 zrzeszonymi w ZHP. Jego podopieczni ze Szko\u0142y Podstawowej nr 3 w Miliczu przez wiele lat wygrywali konkurs \u201eM\u0142odzie\u017c przyjacielem zwierz\u0105t\u201d. Jednym z pomys\u0142\u00f3w druha Bolka by\u0142o zorganizowanie \u201erajd\u00f3w hubertowskich\u201d. Uczestnicy rajdu po przej\u015bciu pieszej lub przejechaniu rowerowej trasy trafiali na uroczyste zako\u0144czenie polowania hubertowskiego (z pokotem, salw\u0105 na cze\u015b\u0107 \u015bw. Huberta itp.) gdzie przyjmowano ich go\u015bcinnie bigosem, kie\u0142bas\u0105 i &#8230; konkursem wiedzy \u0142owieckiej. Po paru rajdach niejeden uczestnik posiada\u0142 wiedz\u0119 z zakresu \u0142owiectwa nie mniejsz\u0105 od my\u015bliwych. Boles\u0142aw do dzisiaj (ju\u017c nieco starszy 80 lat) uczestniczy z m\u0142odzie\u017c\u0105 w tych rajdach.<span style=\"mso-spacerun: yes;\"> <\/span><\/p>\n<p class=\"MsoNormal\" style=\"text-indent: 35.4pt;\">W ten oto spos\u00f3b Bolek przyczynia si\u0119 do popularyzacji \u0142owiectwa.<\/p>\n<p class=\"MsoNormal\" style=\"text-indent: 35.4pt;\">\n<p class=\"MsoNormal\">\n<p>\n\t\t<style type=\"text\/css\">\n\t\t\t#gallery-1 {\n\t\t\t\tmargin: auto;\n\t\t\t}\n\t\t\t#gallery-1 .gallery-item {\n\t\t\t\tfloat: left;\n\t\t\t\tmargin-top: 10px;\n\t\t\t\ttext-align: center;\n\t\t\t\twidth: 33%;\n\t\t\t}\n\t\t\t#gallery-1 img {\n\t\t\t\tborder: 2px solid #cfcfcf;\n\t\t\t}\n\t\t\t#gallery-1 .gallery-caption {\n\t\t\t\tmargin-left: 0;\n\t\t\t}\n\t\t\t\/* see gallery_shortcode() in wp-includes\/media.php *\/\n\t\t<\/style>\n\t\t<div id='gallery-1' class='gallery galleryid-11 gallery-columns-3 gallery-size-thumbnail'><dl class='gallery-item'>\n\t\t\t<dt class='gallery-icon portrait'>\n\t\t\t\t<a href='http:\/\/www.kldianamilicz.pl\/wp-content\/uploads\/2010\/04\/1963-Warszawa.jpg'><img loading=\"lazy\" decoding=\"async\" width=\"150\" height=\"150\" src=\"http:\/\/www.kldianamilicz.pl\/wp-content\/uploads\/2010\/04\/1963-Warszawa-150x150.jpg\" class=\"attachment-thumbnail size-thumbnail\" alt=\"\" \/><\/a>\n\t\t\t<\/dt><\/dl><dl class='gallery-item'>\n\t\t\t<dt class='gallery-icon portrait'>\n\t\t\t\t<a href='http:\/\/www.kldianamilicz.pl\/wp-content\/uploads\/2010\/04\/1964-Warszawa.jpg'><img loading=\"lazy\" decoding=\"async\" width=\"150\" height=\"150\" src=\"http:\/\/www.kldianamilicz.pl\/wp-content\/uploads\/2010\/04\/1964-Warszawa-150x150.jpg\" class=\"attachment-thumbnail size-thumbnail\" alt=\"\" \/><\/a>\n\t\t\t<\/dt><\/dl><dl class='gallery-item'>\n\t\t\t<dt class='gallery-icon landscape'>\n\t\t\t\t<a href='http:\/\/www.kldianamilicz.pl\/wp-content\/uploads\/2010\/04\/121.jpg'><img loading=\"lazy\" decoding=\"async\" width=\"150\" height=\"150\" src=\"http:\/\/www.kldianamilicz.pl\/wp-content\/uploads\/2010\/04\/121-150x150.jpg\" class=\"attachment-thumbnail size-thumbnail\" alt=\"\" \/><\/a>\n\t\t\t<\/dt><\/dl><br style=\"clear: both\" \/><dl class='gallery-item'>\n\t\t\t<dt class='gallery-icon landscape'>\n\t\t\t\t<a href='http:\/\/www.kldianamilicz.pl\/wp-content\/uploads\/2010\/04\/Bolek-z-m\u0142odzie\u017c\u0105-buduje-pa\u015bnik.jpg'><img loading=\"lazy\" decoding=\"async\" width=\"150\" height=\"150\" src=\"http:\/\/www.kldianamilicz.pl\/wp-content\/uploads\/2010\/04\/Bolek-z-m\u0142odzie\u017c\u0105-buduje-pa\u015bnik-150x150.jpg\" class=\"attachment-thumbnail size-thumbnail\" alt=\"\" \/><\/a>\n\t\t\t<\/dt><\/dl><dl class='gallery-item'>\n\t\t\t<dt class='gallery-icon landscape'>\n\t\t\t\t<a href='http:\/\/www.kldianamilicz.pl\/wp-content\/uploads\/2010\/04\/Budowa-pa\u015bnika.jpg'><img loading=\"lazy\" decoding=\"async\" width=\"150\" height=\"150\" src=\"http:\/\/www.kldianamilicz.pl\/wp-content\/uploads\/2010\/04\/Budowa-pa\u015bnika-150x150.jpg\" class=\"attachment-thumbnail size-thumbnail\" alt=\"\" \/><\/a>\n\t\t\t<\/dt><\/dl><dl class='gallery-item'>\n\t\t\t<dt class='gallery-icon landscape'>\n\t\t\t\t<a href='http:\/\/www.kldianamilicz.pl\/wp-content\/uploads\/2010\/04\/Praca-na-poletku-w-Nowym-Zamku.jpg'><img loading=\"lazy\" decoding=\"async\" width=\"150\" height=\"150\" src=\"http:\/\/www.kldianamilicz.pl\/wp-content\/uploads\/2010\/04\/Praca-na-poletku-w-Nowym-Zamku-150x150.jpg\" class=\"attachment-thumbnail size-thumbnail\" alt=\"\" \/><\/a>\n\t\t\t<\/dt><\/dl><br style=\"clear: both\" \/><dl class='gallery-item'>\n\t\t\t<dt class='gallery-icon landscape'>\n\t\t\t\t<a href='http:\/\/www.kldianamilicz.pl\/wp-content\/uploads\/2010\/04\/M\u0142odzie\u017c-zbiera-\u017co\u0142\u0119dzie.jpg'><img loading=\"lazy\" decoding=\"async\" width=\"150\" height=\"150\" src=\"http:\/\/www.kldianamilicz.pl\/wp-content\/uploads\/2010\/04\/M\u0142odzie\u017c-zbiera-\u017co\u0142\u0119dzie-150x150.jpg\" class=\"attachment-thumbnail size-thumbnail\" alt=\"\" \/><\/a>\n\t\t\t<\/dt><\/dl><dl class='gallery-item'>\n\t\t\t<dt class='gallery-icon landscape'>\n\t\t\t\t<a href='http:\/\/www.kldianamilicz.pl\/wp-content\/uploads\/2010\/04\/52.jpg'><img loading=\"lazy\" decoding=\"async\" width=\"150\" height=\"150\" src=\"http:\/\/www.kldianamilicz.pl\/wp-content\/uploads\/2010\/04\/52-150x150.jpg\" class=\"attachment-thumbnail size-thumbnail\" alt=\"\" \/><\/a>\n\t\t\t<\/dt><\/dl><dl class='gallery-item'>\n\t\t\t<dt class='gallery-icon landscape'>\n\t\t\t\t<a href='http:\/\/www.kldianamilicz.pl\/wp-content\/uploads\/2010\/04\/Bolek-z-pieskami.jpg'><img loading=\"lazy\" decoding=\"async\" width=\"150\" height=\"150\" src=\"http:\/\/www.kldianamilicz.pl\/wp-content\/uploads\/2010\/04\/Bolek-z-pieskami-150x150.jpg\" class=\"attachment-thumbnail size-thumbnail\" alt=\"\" \/><\/a>\n\t\t\t<\/dt><\/dl><br style=\"clear: both\" \/>\n\t\t<\/div>\n<br \/>\n<object width=\"480\" height=\"385\"><param name=\"movie\" value=\"http:\/\/www.youtube.com\/v\/ZssA5JCbxFw&#038;hl=pl_PL&#038;fs=1&#038;color1=0x234900&#038;color2=0x4e9e00\"><\/param><param name=\"allowFullScreen\" value=\"true\"><\/param><param name=\"allowscriptaccess\" value=\"always\"><\/param><embed src=\"http:\/\/www.youtube.com\/v\/ZssA5JCbxFw&#038;hl=pl_PL&#038;fs=1&#038;color1=0x234900&#038;color2=0x4e9e00\" type=\"application\/x-shockwave-flash\" allowscriptaccess=\"always\" allowfullscreen=\"true\" width=\"480\" height=\"385\"><\/embed><\/object><\/p>\n","protected":false},"excerpt":{"rendered":"<p>B\u0119d\u0105c m\u0142odym cz\u0142owiekiem uleg\u0142 nieszcz\u0119\u015bliwemu wypadkowi, gdzie straci\u0142 oko i obie d\u0142onie. Maj\u0105c niezwyk\u0142y hart ducha nie za\u0142ama\u0142 si\u0119, nie przyj\u0105\u0142 proponowanych protez poniewa\u017c nie chcia\u0142 pog\u0142\u0119bia\u0107 kalectwa. W tym trudnym dla siebie okresie walczy\u0142 o adaptacj\u0119 swojej osoby do \u017cycia w okre\u015blonych warunkach. Praca nad sob\u0105 da\u0142a wprost niesamowite rezultaty, nie tylko, \u017ce nie [&hellip;]<\/p>\n","protected":false},"author":1,"featured_media":0,"parent":9,"menu_order":0,"comment_status":"closed","ping_status":"open","template":"","meta":{"footnotes":""},"class_list":["post-11","page","type-page","status-publish","hentry"],"_links":{"self":[{"href":"http:\/\/www.kldianamilicz.pl\/index.php?rest_route=\/wp\/v2\/pages\/11","targetHints":{"allow":["GET"]}}],"collection":[{"href":"http:\/\/www.kldianamilicz.pl\/index.php?rest_route=\/wp\/v2\/pages"}],"about":[{"href":"http:\/\/www.kldianamilicz.pl\/index.php?rest_route=\/wp\/v2\/types\/page"}],"author":[{"embeddable":true,"href":"http:\/\/www.kldianamilicz.pl\/index.php?rest_route=\/wp\/v2\/users\/1"}],"replies":[{"embeddable":true,"href":"http:\/\/www.kldianamilicz.pl\/index.php?rest_route=%2Fwp%2Fv2%2Fcomments&post=11"}],"version-history":[{"count":28,"href":"http:\/\/www.kldianamilicz.pl\/index.php?rest_route=\/wp\/v2\/pages\/11\/revisions"}],"predecessor-version":[{"id":1148,"href":"http:\/\/www.kldianamilicz.pl\/index.php?rest_route=\/wp\/v2\/pages\/11\/revisions\/1148"}],"up":[{"embeddable":true,"href":"http:\/\/www.kldianamilicz.pl\/index.php?rest_route=\/wp\/v2\/pages\/9"}],"wp:attachment":[{"href":"http:\/\/www.kldianamilicz.pl\/index.php?rest_route=%2Fwp%2Fv2%2Fmedia&parent=11"}],"curies":[{"name":"wp","href":"https:\/\/api.w.org\/{rel}","templated":true}]}}