{"id":13,"date":"2010-04-14T09:27:16","date_gmt":"2010-04-14T09:27:16","guid":{"rendered":"http:\/\/www.kldianamilicz.pl\/?page_id=13"},"modified":"2010-04-27T17:21:02","modified_gmt":"2010-04-27T17:21:02","slug":"alina-gorna","status":"publish","type":"page","link":"http:\/\/www.kldianamilicz.pl\/?page_id=13","title":{"rendered":"Alina G\u00f3rna"},"content":{"rendered":"<p class=\"MsoNormal\" style=\"text-indent: 35.4pt;\"><img loading=\"lazy\" decoding=\"async\" class=\"size-full wp-image-1532 alignleft\" title=\"Alina G\u00f3rna\" src=\"http:\/\/www.kldianamilicz.pl\/wp-content\/uploads\/2010\/04\/Alina-G\u00f3rna.jpg\" alt=\"\" width=\"249\" height=\"240\" \/>Bez w\u0105tpienia na miano \u201ePrzyjaciela Ko\u0142a\u201d zas\u0142uguje kole\u017canka Alina G\u00f3rna lub jak kto woli \u201eKolega Ala\u201d. Od razu na wst\u0119pie dla os\u00f3b niezorientowanych informacja \u2013 Ala nie poluje z broni\u0105, nie jest my\u015bliwym ale wielkim sympatykiem \u0142owiectwa. Wszyscy w Kole Al\u0119 szanuj\u0105, lubi\u0105 i nie wyobra\u017caj\u0105 sobie \u017cycia towarzyskiego bez niej a niewielu spo\u015br\u00f3d nas wie jak Ala trafi\u0142a do Ko\u0142a \u0141owieckiego \u201eDiana\u201d w Miliczu.<\/p>\n<p>Marek G\u00f3rny, m\u0105\u017c Ali, pracowa\u0142 w le\u015bnictwie Zwierzyniec od 1968 roku, do 1973 by\u0142 podle\u015bniczym, a nast\u0119pnie le\u015bniczym. Miejscowo\u015b\u0107 Zwierzyniec le\u017cy w lesie na wsch\u00f3d od Cieszkowa, w obr\u0119bie obwodu \u0142owieckiego nr 44 nale\u017c\u0105cego do \u201eDiany\u201d. Marek Alin\u0119 pozna\u0142 w 1964 roku, a od 1966 by\u0142 my\u015bliwym, cz\u0142onkiem Ko\u0142a \u0141owieckiego \u201eJele\u0144\u201d w Miliczu. Od samego pocz\u0105tku zwi\u0105zku ma\u0142\u017conka Marka nie odpuszcza\u0142a polowa\u0144, ani indywidualnych, ani zbiorowych. Jak sama wspomina w tamtych czasach nie opu\u015bci\u0142a ani jednego polowania zbiorowego, w kt\u00f3rym uczestniczy\u0142 Jej m\u0105\u017c.<\/p>\n<p>Pan le\u015bniczy G\u00f3rny oraz Zdzis\u0142aw Musia\u0142, wtedy m\u0142ody my\u015bliwy a dzisiaj \u0141owczy Ko\u0142a \u201eDiana\u201d, stanowili par\u0119 przyjaci\u00f3\u0142. Bardzo cz\u0119sto razem wybierali si\u0119 na indywidualne polowania w rejon tzw. \u201eCieszkowa\u201d, oczywi\u015bcie razem z Al\u0105. Po przyj\u015bciu na \u015bwiat Darii, c\u00f3rki Marka i Ali, przez jaki\u015b czas Ala si\u0142\u0105 rzeczy nie mog\u0142a uczestniczy\u0107 w tych wyprawach. Zaci\u0119cie Pani Le\u015bniczyny do polowa\u0144 by\u0142o jednak wielkie i w do\u015b\u0107 kr\u00f3tkim czasie zacz\u0119\u0142a organizowa\u0107 \u017cycie tak, aby m\u00f3c ponownie uczestniczy\u0107 w wyprawach \u0142owieckich m\u0119\u017ca. By\u0142 jeden warunek \u2013 musia\u0142a wcze\u015bniej mie\u0107 informacj\u0119 o polowaniu, a \u201ech\u0142opaki\u201d cz\u0119sto decydowali si\u0119 na wyj\u015bcie w ostatniej chwili. Rodzi\u0142o to Jej zazdro\u015b\u0107 i do dzisiaj ma zadr\u0119 do Zdzicha za opuszczone wtedy polowania.<\/p>\n<p>13 wrze\u015bnia 1989 roku, przedwcze\u015bnie, po ci\u0119\u017ckiej chorobie Marek odchodzi do Krainy Wiecznych \u0141ow\u00f3w. Alina pozostaje w le\u015bnicz\u00f3wce zwierzynieckiej i w tym czasie urywa si\u0119 Jej kontakt z Ko\u0142em \u0141owieckim \u201eJele\u0144\u201d. Po roku nasz \u0142owczy, Zdzis\u0142aw Musia\u0142, zaprasza Al\u0119 na uroczyste polowanie hubertowskie organizowane przez K\u0141 \u201eDiana\u201d. Od tej pory rozpoczyna si\u0119 Jej nowy rozdzia\u0142 w \u0142owieckiej pasji. Gdybym napisa\u0142, \u017ce uczestniczy we wszystkich polowaniach to bym sk\u0142ama\u0142. Prawie we wszystkich, jedynym wyj\u0105tkiem jest polowanie wigilijne, kt\u00f3re w naszym kole odbywa si\u0119 zawsze w dzie\u0144 Wigilii. Wtedy Ali nie ma z nami od rana, ale zawsze przybywa na zako\u0144czenie polowania i dzieli si\u0119 z obecnymi op\u0142atkiem. Nie mo\u017cna nie napisa\u0107 w tym momencie o s\u0142ynnych \u015bledziach przygotowywanych przez Al\u0119. Pycha, kto nie mia\u0142 okazji spr\u00f3bowa\u0107 niech \u017ca\u0142uje. W polowaniach indywidualnych nasza kole\u017canka tak\u017ce bierze udzia\u0142, czeka tylko na zaproszenie i zawsze jest gotowa na prze\u017cycie my\u015bliwskiej przygody. Nie obce s\u0105 Jej tak\u017ce wszelkie prace gospodarcze oraz popularyzacja \u0142owiectwa w\u015br\u00f3d dzieci i m\u0142odzie\u017cy. 25.06. 2002 roku za ca\u0142\u0105 sw\u0105 dzia\u0142alno\u015b\u0107, na wniosek K\u0141 \u201eDiana\u201d w Miliczu, kole\u017canka Alina G\u00f3rna zosta\u0142a odznaczona przez Okr\u0119gow\u0105 Rad\u0119 \u0141owieck\u0105 we Wroc\u0142awiu medalem \u201eZas\u0142u\u017cony dla \u0141owiectwa Wroc\u0142awskiego\u201d<\/p>\n<p>W ostatnich latach wszelkie uroczyste polowania ko\u0144czymy pod wiat\u0105 \u201eMarek\u201d, kt\u00f3ra powsta\u0142a \u201epod d\u0119bem\u201d przy le\u015bnicz\u00f3wce Zwierzyniec i w\u0142a\u015bnie tam co roku na zako\u0144czenie sezonu mamy okazj\u0119 wys\u0142ucha\u0107 dowcipnych wierszyk\u00f3w napisanych przez Al\u0119, a opisuj\u0105cych wyr\u00f3\u017cniaj\u0105cych si\u0119 cz\u0142onk\u00f3w ko\u0142a. Ostatnim pomys\u0142em naszej kole\u017canki jest adaptacja wolnostoj\u0105cych przy le\u015bnicz\u00f3wce pomieszcze\u0144 gospodarczych na letni\u0105 kuchni\u0119 \u201eU Ali\u201d i pok\u00f3j my\u015bliwski, oczywi\u015bcie nie w celach komercyjnych. Jest szansa, \u017ce przy naszej pomocy uda si\u0119 zrealizowa\u0107 te zamierzenie.<\/p>\n<p>Od czasu pierwszego wsp\u00f3lnego \u201eHuberta\u201d w Dianie wiele si\u0119 zmieni\u0142o, mo\u017cna by du\u017co pisa\u0107, a i tak o wszystkim nie spos\u00f3b wspomnie\u0107. Jedno jest pewne \u2013 jeste\u015bmy \u201eo par\u0119\u201d lat starsi i nieco inaczej patrzymy na \u015bwiat, a \u201eKolega Ala\u201d jest \u201ePrzyjacielem Ko\u0142a\u201d.<\/p>\n\n\t\t<style type=\"text\/css\">\n\t\t\t#gallery-1 {\n\t\t\t\tmargin: auto;\n\t\t\t}\n\t\t\t#gallery-1 .gallery-item {\n\t\t\t\tfloat: left;\n\t\t\t\tmargin-top: 10px;\n\t\t\t\ttext-align: center;\n\t\t\t\twidth: 33%;\n\t\t\t}\n\t\t\t#gallery-1 img {\n\t\t\t\tborder: 2px solid #cfcfcf;\n\t\t\t}\n\t\t\t#gallery-1 .gallery-caption {\n\t\t\t\tmargin-left: 0;\n\t\t\t}\n\t\t\t\/* see gallery_shortcode() in wp-includes\/media.php *\/\n\t\t<\/style>\n\t\t<div id='gallery-1' class='gallery galleryid-13 gallery-columns-3 gallery-size-thumbnail'><dl class='gallery-item'>\n\t\t\t<dt class='gallery-icon landscape'>\n\t\t\t\t<a href='http:\/\/www.kldianamilicz.pl\/wp-content\/uploads\/2010\/04\/Ala-odznaczenie.jpg'><img loading=\"lazy\" decoding=\"async\" width=\"150\" height=\"150\" src=\"http:\/\/www.kldianamilicz.pl\/wp-content\/uploads\/2010\/04\/Ala-odznaczenie-150x150.jpg\" class=\"attachment-thumbnail size-thumbnail\" alt=\"\" \/><\/a>\n\t\t\t<\/dt><\/dl><dl class='gallery-item'>\n\t\t\t<dt class='gallery-icon landscape'>\n\t\t\t\t<a href='http:\/\/www.kldianamilicz.pl\/wp-content\/uploads\/2010\/04\/Ala-1.jpg'><img loading=\"lazy\" decoding=\"async\" width=\"150\" height=\"150\" src=\"http:\/\/www.kldianamilicz.pl\/wp-content\/uploads\/2010\/04\/Ala-1-150x150.jpg\" class=\"attachment-thumbnail size-thumbnail\" alt=\"\" \/><\/a>\n\t\t\t<\/dt><\/dl><dl class='gallery-item'>\n\t\t\t<dt class='gallery-icon portrait'>\n\t\t\t\t<a href='http:\/\/www.kldianamilicz.pl\/wp-content\/uploads\/2010\/04\/001.jpg'><img loading=\"lazy\" decoding=\"async\" width=\"132\" height=\"150\" src=\"http:\/\/www.kldianamilicz.pl\/wp-content\/uploads\/2010\/04\/001-e1271874154503-132x150.jpg\" class=\"attachment-thumbnail size-thumbnail\" alt=\"\" \/><\/a>\n\t\t\t<\/dt><\/dl><br style=\"clear: both\" \/>\n\t\t<\/div>\n\n<p><span style=\"font-size: 12.0pt; font-family: &amp;amp;amp; mso-fareast-font-family: &amp;amp;amp; mso-ansi-language: PL; mso-fareast-language: PL; mso-bidi-language: AR-SA;\"> <\/span><\/p>\n","protected":false},"excerpt":{"rendered":"<p>Bez w\u0105tpienia na miano \u201ePrzyjaciela Ko\u0142a\u201d zas\u0142uguje kole\u017canka Alina G\u00f3rna lub jak kto woli \u201eKolega Ala\u201d. Od razu na wst\u0119pie dla os\u00f3b niezorientowanych informacja \u2013 Ala nie poluje z broni\u0105, nie jest my\u015bliwym ale wielkim sympatykiem \u0142owiectwa. Wszyscy w Kole Al\u0119 szanuj\u0105, lubi\u0105 i nie wyobra\u017caj\u0105 sobie \u017cycia towarzyskiego bez niej a niewielu spo\u015br\u00f3d nas [&hellip;]<\/p>\n","protected":false},"author":1,"featured_media":0,"parent":9,"menu_order":0,"comment_status":"closed","ping_status":"open","template":"","meta":{"footnotes":""},"class_list":["post-13","page","type-page","status-publish","hentry"],"_links":{"self":[{"href":"http:\/\/www.kldianamilicz.pl\/index.php?rest_route=\/wp\/v2\/pages\/13","targetHints":{"allow":["GET"]}}],"collection":[{"href":"http:\/\/www.kldianamilicz.pl\/index.php?rest_route=\/wp\/v2\/pages"}],"about":[{"href":"http:\/\/www.kldianamilicz.pl\/index.php?rest_route=\/wp\/v2\/types\/page"}],"author":[{"embeddable":true,"href":"http:\/\/www.kldianamilicz.pl\/index.php?rest_route=\/wp\/v2\/users\/1"}],"replies":[{"embeddable":true,"href":"http:\/\/www.kldianamilicz.pl\/index.php?rest_route=%2Fwp%2Fv2%2Fcomments&post=13"}],"version-history":[{"count":35,"href":"http:\/\/www.kldianamilicz.pl\/index.php?rest_route=\/wp\/v2\/pages\/13\/revisions"}],"predecessor-version":[{"id":1130,"href":"http:\/\/www.kldianamilicz.pl\/index.php?rest_route=\/wp\/v2\/pages\/13\/revisions\/1130"}],"up":[{"embeddable":true,"href":"http:\/\/www.kldianamilicz.pl\/index.php?rest_route=\/wp\/v2\/pages\/9"}],"wp:attachment":[{"href":"http:\/\/www.kldianamilicz.pl\/index.php?rest_route=%2Fwp%2Fv2%2Fmedia&parent=13"}],"curies":[{"name":"wp","href":"https:\/\/api.w.org\/{rel}","templated":true}]}}