{"id":149,"date":"2010-04-16T08:51:31","date_gmt":"2010-04-16T08:51:31","guid":{"rendered":"http:\/\/www.kldianamilicz.pl\/?page_id=149"},"modified":"2010-05-31T17:30:34","modified_gmt":"2010-05-31T17:30:34","slug":"wencek-wojciech","status":"publish","type":"page","link":"http:\/\/www.kldianamilicz.pl\/?page_id=149","title":{"rendered":"<center>Wencek Wojciech<\/center>"},"content":{"rendered":"<p style=\"text-align: center;\">\n<p style=\"text-align: center;\"><img loading=\"lazy\" decoding=\"async\" class=\"size-medium wp-image-2698 aligncenter\" title=\"Wencek Wojciech\" src=\"http:\/\/www.kldianamilicz.pl\/wp-content\/uploads\/2010\/04\/Wencek-Wojciech-298x300.jpg\" alt=\"\" width=\"298\" height=\"300\" srcset=\"http:\/\/www.kldianamilicz.pl\/wp-content\/uploads\/2010\/04\/Wencek-Wojciech-298x300.jpg 298w, http:\/\/www.kldianamilicz.pl\/wp-content\/uploads\/2010\/04\/Wencek-Wojciech-150x150.jpg 150w, http:\/\/www.kldianamilicz.pl\/wp-content\/uploads\/2010\/04\/Wencek-Wojciech.jpg 768w\" sizes=\"auto, (max-width: 298px) 100vw, 298px\" \/><\/p>\n<p style=\"text-align: center;\">\u00bb PZ\u0141 \u2013 1979,<br \/>\n\u00bb K\u0141 \u201eDiana\u201d \u2013 1987,<br \/>\n\u00bb selekcjoner,<br \/>\n\u00bb sekretarz ko\u0142a \u2013 1997 \u2013 2010<br \/>\n\u00bb skarbnik ko\u0142a &#8211; 2010 &#8211; nadal,<br \/>\n\u00bb K\u0141 &#8222;Le\u015bnik&#8221; przy Technikum Lesnym w Miliczu &#8211; 1979-1987,<br \/>\n\u00bb prezes K\u0141 &#8222;Le\u015bnik&#8221; &#8211; 1984-1987,<br \/>\n\u00bb Br\u0105zowy Medal Zas\u0142ugi \u0141owieckiej \u2013 2002<\/p>\n<p style=\"text-align: center;\">\n","protected":false},"excerpt":{"rendered":"<p>\u00bb PZ\u0141 \u2013 1979, \u00bb K\u0141 \u201eDiana\u201d \u2013 1987, \u00bb selekcjoner, \u00bb sekretarz ko\u0142a \u2013 1997 \u2013 2010 \u00bb skarbnik ko\u0142a &#8211; 2010 &#8211; nadal, \u00bb K\u0141 &#8222;Le\u015bnik&#8221; przy Technikum Lesnym w Miliczu &#8211; 1979-1987, \u00bb prezes K\u0141 &#8222;Le\u015bnik&#8221; &#8211; 1984-1987, \u00bb Br\u0105zowy Medal Zas\u0142ugi \u0141owieckiej \u2013 2002<\/p>\n","protected":false},"author":1,"featured_media":0,"parent":3,"menu_order":0,"comment_status":"closed","ping_status":"closed","template":"","meta":{"footnotes":""},"class_list":["post-149","page","type-page","status-publish","hentry"],"_links":{"self":[{"href":"http:\/\/www.kldianamilicz.pl\/index.php?rest_route=\/wp\/v2\/pages\/149","targetHints":{"allow":["GET"]}}],"collection":[{"href":"http:\/\/www.kldianamilicz.pl\/index.php?rest_route=\/wp\/v2\/pages"}],"about":[{"href":"http:\/\/www.kldianamilicz.pl\/index.php?rest_route=\/wp\/v2\/types\/page"}],"author":[{"embeddable":true,"href":"http:\/\/www.kldianamilicz.pl\/index.php?rest_route=\/wp\/v2\/users\/1"}],"replies":[{"embeddable":true,"href":"http:\/\/www.kldianamilicz.pl\/index.php?rest_route=%2Fwp%2Fv2%2Fcomments&post=149"}],"version-history":[{"count":6,"href":"http:\/\/www.kldianamilicz.pl\/index.php?rest_route=\/wp\/v2\/pages\/149\/revisions"}],"predecessor-version":[{"id":2407,"href":"http:\/\/www.kldianamilicz.pl\/index.php?rest_route=\/wp\/v2\/pages\/149\/revisions\/2407"}],"up":[{"embeddable":true,"href":"http:\/\/www.kldianamilicz.pl\/index.php?rest_route=\/wp\/v2\/pages\/3"}],"wp:attachment":[{"href":"http:\/\/www.kldianamilicz.pl\/index.php?rest_route=%2Fwp%2Fv2%2Fmedia&parent=149"}],"curies":[{"name":"wp","href":"https:\/\/api.w.org\/{rel}","templated":true}]}}