{"id":155,"date":"2010-04-16T08:51:56","date_gmt":"2010-04-16T08:51:56","guid":{"rendered":"http:\/\/www.kldianamilicz.pl\/?page_id=155"},"modified":"2010-04-23T06:53:59","modified_gmt":"2010-04-23T06:53:59","slug":"swiatkowski-pawel","status":"publish","type":"page","link":"http:\/\/www.kldianamilicz.pl\/?page_id=155","title":{"rendered":"<center>\u015awi\u0105tkowski Pawe\u0142<\/center>"},"content":{"rendered":"<p style=\"text-align: center;\">\n<p style=\"text-align: center;\"><img loading=\"lazy\" decoding=\"async\" class=\"size-full wp-image-1203 alignnone\" title=\"Pawe\u0142 \u015awi\u0105tkowski\" src=\"http:\/\/www.kldianamilicz.pl\/wp-content\/uploads\/2010\/04\/Pawe\u0142-\u015awi\u0105tkowski.jpg\" alt=\"\" width=\"240\" height=\"287\" \/><\/p>\n<p style=\"text-align: center;\">\n<ul>\n<li style=\"text-align: center;\">PZ\u0141 \u2013 2007 rok,<\/li>\n<li style=\"text-align: center;\">K\u0141 \u201eDiana\u201d \u2013 2007 rok,<\/li>\n<li style=\"text-align: center;\">trzecie pokolenie w K\u0141 \u201eDiana\u201d w Miliczu (wnuk Edwarda, syn Krzysztofa)<\/li>\n<\/ul>\n<ul><\/ul>\n","protected":false},"excerpt":{"rendered":"<p>PZ\u0141 \u2013 2007 rok, K\u0141 \u201eDiana\u201d \u2013 2007 rok, trzecie pokolenie w K\u0141 \u201eDiana\u201d w Miliczu (wnuk Edwarda, syn Krzysztofa)<\/p>\n","protected":false},"author":1,"featured_media":0,"parent":3,"menu_order":0,"comment_status":"closed","ping_status":"closed","template":"","meta":{"footnotes":""},"class_list":["post-155","page","type-page","status-publish","hentry"],"_links":{"self":[{"href":"http:\/\/www.kldianamilicz.pl\/index.php?rest_route=\/wp\/v2\/pages\/155","targetHints":{"allow":["GET"]}}],"collection":[{"href":"http:\/\/www.kldianamilicz.pl\/index.php?rest_route=\/wp\/v2\/pages"}],"about":[{"href":"http:\/\/www.kldianamilicz.pl\/index.php?rest_route=\/wp\/v2\/types\/page"}],"author":[{"embeddable":true,"href":"http:\/\/www.kldianamilicz.pl\/index.php?rest_route=\/wp\/v2\/users\/1"}],"replies":[{"embeddable":true,"href":"http:\/\/www.kldianamilicz.pl\/index.php?rest_route=%2Fwp%2Fv2%2Fcomments&post=155"}],"version-history":[{"count":8,"href":"http:\/\/www.kldianamilicz.pl\/index.php?rest_route=\/wp\/v2\/pages\/155\/revisions"}],"predecessor-version":[{"id":1617,"href":"http:\/\/www.kldianamilicz.pl\/index.php?rest_route=\/wp\/v2\/pages\/155\/revisions\/1617"}],"up":[{"embeddable":true,"href":"http:\/\/www.kldianamilicz.pl\/index.php?rest_route=\/wp\/v2\/pages\/3"}],"wp:attachment":[{"href":"http:\/\/www.kldianamilicz.pl\/index.php?rest_route=%2Fwp%2Fv2%2Fmedia&parent=155"}],"curies":[{"name":"wp","href":"https:\/\/api.w.org\/{rel}","templated":true}]}}