{"id":160,"date":"2010-04-16T08:52:17","date_gmt":"2010-04-16T08:52:17","guid":{"rendered":"http:\/\/www.kldianamilicz.pl\/?page_id=160"},"modified":"2010-06-08T04:41:57","modified_gmt":"2010-06-08T04:41:57","slug":"musial-robert","status":"publish","type":"page","link":"http:\/\/www.kldianamilicz.pl\/?page_id=160","title":{"rendered":"<center>Musia\u0142 Robert<\/center>"},"content":{"rendered":"<ul><\/ul>\n<p style=\"text-align: center;\"><img loading=\"lazy\" decoding=\"async\" class=\"aligncenter size-medium wp-image-2725\" title=\"Musia\u0142 Robert\" src=\"http:\/\/www.kldianamilicz.pl\/wp-content\/uploads\/2010\/04\/Musia\u0142-Robert-245x300.jpg\" alt=\"\" width=\"245\" height=\"300\" srcset=\"http:\/\/www.kldianamilicz.pl\/wp-content\/uploads\/2010\/04\/Musia\u0142-Robert-245x300.jpg 245w, http:\/\/www.kldianamilicz.pl\/wp-content\/uploads\/2010\/04\/Musia\u0142-Robert.jpg 768w\" sizes=\"auto, (max-width: 245px) 100vw, 245px\" \/><\/p>\n<ul>\n<li style=\"text-align: center;\">PZ\u0141 \u2013 2008,<\/li>\n<li style=\"text-align: center;\">K\u0141 \u201eDiana\u201d \u2013 2008,<\/li>\n<li style=\"text-align: center;\">trzecie pokolenie w K\u0141 \u201eDiana\u201d w Miliczu (wnuk W\u0142adys\u0142awa, syn Zdzis\u0142awa)<\/li>\n<\/ul>\n","protected":false},"excerpt":{"rendered":"<p>PZ\u0141 \u2013 2008, K\u0141 \u201eDiana\u201d \u2013 2008, trzecie pokolenie w K\u0141 \u201eDiana\u201d w Miliczu (wnuk W\u0142adys\u0142awa, syn Zdzis\u0142awa)<\/p>\n","protected":false},"author":1,"featured_media":0,"parent":3,"menu_order":0,"comment_status":"closed","ping_status":"closed","template":"","meta":{"footnotes":""},"class_list":["post-160","page","type-page","status-publish","hentry"],"_links":{"self":[{"href":"http:\/\/www.kldianamilicz.pl\/index.php?rest_route=\/wp\/v2\/pages\/160","targetHints":{"allow":["GET"]}}],"collection":[{"href":"http:\/\/www.kldianamilicz.pl\/index.php?rest_route=\/wp\/v2\/pages"}],"about":[{"href":"http:\/\/www.kldianamilicz.pl\/index.php?rest_route=\/wp\/v2\/types\/page"}],"author":[{"embeddable":true,"href":"http:\/\/www.kldianamilicz.pl\/index.php?rest_route=\/wp\/v2\/users\/1"}],"replies":[{"embeddable":true,"href":"http:\/\/www.kldianamilicz.pl\/index.php?rest_route=%2Fwp%2Fv2%2Fcomments&post=160"}],"version-history":[{"count":5,"href":"http:\/\/www.kldianamilicz.pl\/index.php?rest_route=\/wp\/v2\/pages\/160\/revisions"}],"predecessor-version":[{"id":2726,"href":"http:\/\/www.kldianamilicz.pl\/index.php?rest_route=\/wp\/v2\/pages\/160\/revisions\/2726"}],"up":[{"embeddable":true,"href":"http:\/\/www.kldianamilicz.pl\/index.php?rest_route=\/wp\/v2\/pages\/3"}],"wp:attachment":[{"href":"http:\/\/www.kldianamilicz.pl\/index.php?rest_route=%2Fwp%2Fv2%2Fmedia&parent=160"}],"curies":[{"name":"wp","href":"https:\/\/api.w.org\/{rel}","templated":true}]}}