{"id":165,"date":"2010-04-16T08:52:33","date_gmt":"2010-04-16T08:52:33","guid":{"rendered":"http:\/\/www.kldianamilicz.pl\/?page_id=165"},"modified":"2010-10-31T17:08:09","modified_gmt":"2010-10-31T17:08:09","slug":"musial-zdzislaw","status":"publish","type":"page","link":"http:\/\/www.kldianamilicz.pl\/?page_id=165","title":{"rendered":"<center>Musia\u0142 Zdzis\u0142aw<\/center>"},"content":{"rendered":"<p class=\"MsoNormal\" style=\"margin-left: 36.0pt; text-indent: -18.0pt; mso-list: l0 level1 lfo1; tab-stops: list 36.0pt;\">\n<p style=\"text-align: center;\"><img loading=\"lazy\" decoding=\"async\" class=\"size-full wp-image-1247  aligncenter\" title=\"Zdzis\u0142aw Musia\u0142\" src=\"http:\/\/www.kldianamilicz.pl\/wp-content\/uploads\/2010\/04\/Zdzis\u0142aw-Musia\u0142.jpg\" alt=\"\" width=\"271\" height=\"240\" \/><\/p>\n<ul>\n<li style=\"text-align: center;\">PZ\u0141 1969,<\/li>\n<li style=\"text-align: center;\">K\u0141 \u201eDiana\u201d \u2013 1969,<\/li>\n<li style=\"text-align: center;\">selekcjoner,<\/li>\n<li style=\"text-align: center;\">cz\u0142onek KR ko\u0142a 1984-1987,<\/li>\n<li style=\"text-align: center;\">skarbnik ko\u0142a 1987-1989,<\/li>\n<li style=\"text-align: center;\">\u0142owczy ko\u0142a 1989 \u2013 nadal,<\/li>\n<li style=\"text-align: center;\">br\u0105zowy Medal Zas\u0142ugi \u0141owieckiej \u2013 1996,<\/li>\n<li style=\"text-align: center;\">srebrny Medal Zas\u0142ugi \u0141owieckiej \u2013 2002,<\/li>\n<li style=\"text-align: center;\">z\u0142oty Medal Zas\u0142ugi \u0141owieckiej\u00a0\u2013 2010,<\/li>\n<li style=\"text-align: center;\">drugie pokolenie w K\u0141 \u201eDiana\u201d w Miliczu (syn W\u0142adys\u0142awa)<\/li>\n<\/ul>\n<p style=\"text-align: left;\">\n<p style=\"text-align: left;\">\n<p><span style=\"mso-list: Ignore;\"><a href=\"http:\/\/www.kldianamilicz.pl\/wp-content\/uploads\/2010\/04\/Zdzis\u0142aw-Musia\u0142.jpg\"> <\/a><\/span><\/p>\n<p class=\"MsoNormal\" style=\"margin-left: 36pt; text-indent: -18pt;\"><span style=\"mso-list: Ignore;\"><a href=\"http:\/\/www.kldianamilicz.pl\/wp-content\/uploads\/2010\/04\/Zdzis\u0142aw-Musia\u0142.jpg\"> <\/a><\/span><\/p>\n","protected":false},"excerpt":{"rendered":"<p>PZ\u0141 1969, K\u0141 \u201eDiana\u201d \u2013 1969, selekcjoner, cz\u0142onek KR ko\u0142a 1984-1987, skarbnik ko\u0142a 1987-1989, \u0142owczy ko\u0142a 1989 \u2013 nadal, br\u0105zowy Medal Zas\u0142ugi \u0141owieckiej \u2013 1996, srebrny Medal Zas\u0142ugi \u0141owieckiej \u2013 2002, z\u0142oty Medal Zas\u0142ugi \u0141owieckiej\u00a0\u2013 2010, drugie pokolenie w K\u0141 \u201eDiana\u201d w Miliczu (syn W\u0142adys\u0142awa)<\/p>\n","protected":false},"author":1,"featured_media":0,"parent":3,"menu_order":0,"comment_status":"closed","ping_status":"closed","template":"","meta":{"footnotes":""},"class_list":["post-165","page","type-page","status-publish","hentry"],"_links":{"self":[{"href":"http:\/\/www.kldianamilicz.pl\/index.php?rest_route=\/wp\/v2\/pages\/165","targetHints":{"allow":["GET"]}}],"collection":[{"href":"http:\/\/www.kldianamilicz.pl\/index.php?rest_route=\/wp\/v2\/pages"}],"about":[{"href":"http:\/\/www.kldianamilicz.pl\/index.php?rest_route=\/wp\/v2\/types\/page"}],"author":[{"embeddable":true,"href":"http:\/\/www.kldianamilicz.pl\/index.php?rest_route=\/wp\/v2\/users\/1"}],"replies":[{"embeddable":true,"href":"http:\/\/www.kldianamilicz.pl\/index.php?rest_route=%2Fwp%2Fv2%2Fcomments&post=165"}],"version-history":[{"count":24,"href":"http:\/\/www.kldianamilicz.pl\/index.php?rest_route=\/wp\/v2\/pages\/165\/revisions"}],"predecessor-version":[{"id":1251,"href":"http:\/\/www.kldianamilicz.pl\/index.php?rest_route=\/wp\/v2\/pages\/165\/revisions\/1251"}],"up":[{"embeddable":true,"href":"http:\/\/www.kldianamilicz.pl\/index.php?rest_route=\/wp\/v2\/pages\/3"}],"wp:attachment":[{"href":"http:\/\/www.kldianamilicz.pl\/index.php?rest_route=%2Fwp%2Fv2%2Fmedia&parent=165"}],"curies":[{"name":"wp","href":"https:\/\/api.w.org\/{rel}","templated":true}]}}