{"id":177,"date":"2010-04-16T08:54:08","date_gmt":"2010-04-16T08:54:08","guid":{"rendered":"http:\/\/www.kldianamilicz.pl\/?page_id=177"},"modified":"2010-05-12T12:39:02","modified_gmt":"2010-05-12T12:39:02","slug":"reka-stanislaw","status":"publish","type":"page","link":"http:\/\/www.kldianamilicz.pl\/?page_id=177","title":{"rendered":"<center>Reka Stanis\u0142aw<\/center>"},"content":{"rendered":"<p><img loading=\"lazy\" decoding=\"async\" class=\"aligncenter size-full wp-image-1651\" title=\"Stanis\u0142aw Reka\" src=\"http:\/\/www.kldianamilicz.pl\/wp-content\/uploads\/2010\/04\/Stanis\u0142aw-Reka.jpg\" alt=\"\" width=\"223\" height=\"320\" srcset=\"http:\/\/www.kldianamilicz.pl\/wp-content\/uploads\/2010\/04\/Stanis\u0142aw-Reka.jpg 223w, http:\/\/www.kldianamilicz.pl\/wp-content\/uploads\/2010\/04\/Stanis\u0142aw-Reka-209x300.jpg 209w\" sizes=\"auto, (max-width: 223px) 100vw, 223px\" \/><\/p>\n<p style=\"text-align: center;\">\u00bb PZ\u0141 \u2013 1976,<br \/>\n\u00bb K\u0141 \u201eDiana\u201d \u2013 1976,<br \/>\n\u00bb selekcjoner,<br \/>\n\u00bb sekretarz ko\u0142a \u2013 1985 \u2013 1987,<br \/>\n\u00bb prezes ko\u0142a \u2013 1987 &#8211; 1988,<br \/>\n\u00bb Br\u0105zowy Medal Zas\u0142ugi \u0141owieckiej \u2013 2002<\/p>\n","protected":false},"excerpt":{"rendered":"<p>\u00bb PZ\u0141 \u2013 1976, \u00bb K\u0141 \u201eDiana\u201d \u2013 1976, \u00bb selekcjoner, \u00bb sekretarz ko\u0142a \u2013 1985 \u2013 1987, \u00bb prezes ko\u0142a \u2013 1987 &#8211; 1988, \u00bb Br\u0105zowy Medal Zas\u0142ugi \u0141owieckiej \u2013 2002<\/p>\n","protected":false},"author":1,"featured_media":0,"parent":3,"menu_order":0,"comment_status":"closed","ping_status":"closed","template":"","meta":{"footnotes":""},"class_list":["post-177","page","type-page","status-publish","hentry"],"_links":{"self":[{"href":"http:\/\/www.kldianamilicz.pl\/index.php?rest_route=\/wp\/v2\/pages\/177","targetHints":{"allow":["GET"]}}],"collection":[{"href":"http:\/\/www.kldianamilicz.pl\/index.php?rest_route=\/wp\/v2\/pages"}],"about":[{"href":"http:\/\/www.kldianamilicz.pl\/index.php?rest_route=\/wp\/v2\/types\/page"}],"author":[{"embeddable":true,"href":"http:\/\/www.kldianamilicz.pl\/index.php?rest_route=\/wp\/v2\/users\/1"}],"replies":[{"embeddable":true,"href":"http:\/\/www.kldianamilicz.pl\/index.php?rest_route=%2Fwp%2Fv2%2Fcomments&post=177"}],"version-history":[{"count":5,"href":"http:\/\/www.kldianamilicz.pl\/index.php?rest_route=\/wp\/v2\/pages\/177\/revisions"}],"predecessor-version":[{"id":2526,"href":"http:\/\/www.kldianamilicz.pl\/index.php?rest_route=\/wp\/v2\/pages\/177\/revisions\/2526"}],"up":[{"embeddable":true,"href":"http:\/\/www.kldianamilicz.pl\/index.php?rest_route=\/wp\/v2\/pages\/3"}],"wp:attachment":[{"href":"http:\/\/www.kldianamilicz.pl\/index.php?rest_route=%2Fwp%2Fv2%2Fmedia&parent=177"}],"curies":[{"name":"wp","href":"https:\/\/api.w.org\/{rel}","templated":true}]}}