{"id":207,"date":"2010-04-16T09:16:07","date_gmt":"2010-04-16T09:16:07","guid":{"rendered":"http:\/\/www.kldianamilicz.pl\/?page_id=207"},"modified":"2010-10-31T17:10:12","modified_gmt":"2010-10-31T17:10:12","slug":"gryczka-krzysztof-2","status":"publish","type":"page","link":"http:\/\/www.kldianamilicz.pl\/?page_id=207","title":{"rendered":"<center>Gryczka Krzysztof<\/center>"},"content":{"rendered":"<p style=\"text-align: center;\">\n<p style=\"text-align: center;\"><img loading=\"lazy\" decoding=\"async\" class=\"size-full wp-image-1219 aligncenter\" title=\"Krzysztof Gryczka\" src=\"http:\/\/www.kldianamilicz.pl\/wp-content\/uploads\/2010\/04\/Krzysztof-Gryczka.jpg\" alt=\"\" width=\"240\" height=\"298\" \/><\/p>\n<p style=\"text-align: center;\">\n<ul>\n<li style=\"text-align: center;\">PZ\u0141 1970,<\/li>\n<li style=\"text-align: center;\">K\u0141 \u201eDiana\u201d \u2013 1970,<\/li>\n<li style=\"text-align: center;\">selekcjoner,<\/li>\n<li style=\"text-align: center;\">cz\u0142onek KR ko\u0142a 1984-1991,<\/li>\n<li style=\"text-align: center;\">przewodnicz\u0105cy KR ko\u0142a 1991-nadal,<\/li>\n<li style=\"text-align: center;\">br\u0105zowy Medal Zas\u0142ugi \u0141owieckiej \u2013 2002,<\/li>\n<li style=\"text-align: center;\">srebrny Medal Zas\u0142ugi \u0141owieckiej\u00a0\u2013 2010,<\/li>\n<li style=\"text-align: center;\">drugie pokolenie w K\u0141 \u201eDiana\u201d w Miliczu (syn Ignacego)<\/li>\n<\/ul>\n","protected":false},"excerpt":{"rendered":"<p>PZ\u0141 1970, K\u0141 \u201eDiana\u201d \u2013 1970, selekcjoner, cz\u0142onek KR ko\u0142a 1984-1991, przewodnicz\u0105cy KR ko\u0142a 1991-nadal, br\u0105zowy Medal Zas\u0142ugi \u0141owieckiej \u2013 2002, srebrny Medal Zas\u0142ugi \u0141owieckiej\u00a0\u2013 2010, drugie pokolenie w K\u0141 \u201eDiana\u201d w Miliczu (syn Ignacego)<\/p>\n","protected":false},"author":1,"featured_media":0,"parent":3,"menu_order":0,"comment_status":"closed","ping_status":"closed","template":"","meta":{"footnotes":""},"class_list":["post-207","page","type-page","status-publish","hentry"],"_links":{"self":[{"href":"http:\/\/www.kldianamilicz.pl\/index.php?rest_route=\/wp\/v2\/pages\/207","targetHints":{"allow":["GET"]}}],"collection":[{"href":"http:\/\/www.kldianamilicz.pl\/index.php?rest_route=\/wp\/v2\/pages"}],"about":[{"href":"http:\/\/www.kldianamilicz.pl\/index.php?rest_route=\/wp\/v2\/types\/page"}],"author":[{"embeddable":true,"href":"http:\/\/www.kldianamilicz.pl\/index.php?rest_route=\/wp\/v2\/users\/1"}],"replies":[{"embeddable":true,"href":"http:\/\/www.kldianamilicz.pl\/index.php?rest_route=%2Fwp%2Fv2%2Fcomments&post=207"}],"version-history":[{"count":8,"href":"http:\/\/www.kldianamilicz.pl\/index.php?rest_route=\/wp\/v2\/pages\/207\/revisions"}],"predecessor-version":[{"id":2972,"href":"http:\/\/www.kldianamilicz.pl\/index.php?rest_route=\/wp\/v2\/pages\/207\/revisions\/2972"}],"up":[{"embeddable":true,"href":"http:\/\/www.kldianamilicz.pl\/index.php?rest_route=\/wp\/v2\/pages\/3"}],"wp:attachment":[{"href":"http:\/\/www.kldianamilicz.pl\/index.php?rest_route=%2Fwp%2Fv2%2Fmedia&parent=207"}],"curies":[{"name":"wp","href":"https:\/\/api.w.org\/{rel}","templated":true}]}}