{"id":222,"date":"2010-04-16T09:23:15","date_gmt":"2010-04-16T09:23:15","guid":{"rendered":"http:\/\/www.kldianamilicz.pl\/?page_id=222"},"modified":"2010-06-03T11:21:28","modified_gmt":"2010-06-03T11:21:28","slug":"luszczynski-mieczyslaw","status":"publish","type":"page","link":"http:\/\/www.kldianamilicz.pl\/?page_id=222","title":{"rendered":"<center>\u0141uszczy\u0144ski Mieczys\u0142aw<\/center>"},"content":{"rendered":"<p style=\"text-align: center;\">\n<p style=\"text-align: center;\"><img loading=\"lazy\" decoding=\"async\" class=\"size-medium wp-image-2718 aligncenter\" title=\"\u0141uszczy\u0144ski Mieczys\u0142aw\" src=\"http:\/\/www.kldianamilicz.pl\/wp-content\/uploads\/2010\/04\/Mieczys\u0142aw-\u0141uszczy\u0144ski1-259x300.jpg\" alt=\"\" width=\"259\" height=\"300\" srcset=\"http:\/\/www.kldianamilicz.pl\/wp-content\/uploads\/2010\/04\/Mieczys\u0142aw-\u0141uszczy\u0144ski1-259x300.jpg 259w, http:\/\/www.kldianamilicz.pl\/wp-content\/uploads\/2010\/04\/Mieczys\u0142aw-\u0141uszczy\u0144ski1.jpg 768w\" sizes=\"auto, (max-width: 259px) 100vw, 259px\" \/><\/p>\n<p style=\"text-align: center;\">\u00bb PZ\u0141 \u2013 1992,<br \/>\n\u00bb K\u0141 \u201eDiana\u201d \u2013 1992<\/p>\n","protected":false},"excerpt":{"rendered":"<p>\u00bb PZ\u0141 \u2013 1992, \u00bb K\u0141 \u201eDiana\u201d \u2013 1992<\/p>\n","protected":false},"author":1,"featured_media":0,"parent":3,"menu_order":0,"comment_status":"closed","ping_status":"closed","template":"","meta":{"footnotes":""},"class_list":["post-222","page","type-page","status-publish","hentry"],"_links":{"self":[{"href":"http:\/\/www.kldianamilicz.pl\/index.php?rest_route=\/wp\/v2\/pages\/222","targetHints":{"allow":["GET"]}}],"collection":[{"href":"http:\/\/www.kldianamilicz.pl\/index.php?rest_route=\/wp\/v2\/pages"}],"about":[{"href":"http:\/\/www.kldianamilicz.pl\/index.php?rest_route=\/wp\/v2\/types\/page"}],"author":[{"embeddable":true,"href":"http:\/\/www.kldianamilicz.pl\/index.php?rest_route=\/wp\/v2\/users\/1"}],"replies":[{"embeddable":true,"href":"http:\/\/www.kldianamilicz.pl\/index.php?rest_route=%2Fwp%2Fv2%2Fcomments&post=222"}],"version-history":[{"count":6,"href":"http:\/\/www.kldianamilicz.pl\/index.php?rest_route=\/wp\/v2\/pages\/222\/revisions"}],"predecessor-version":[{"id":2722,"href":"http:\/\/www.kldianamilicz.pl\/index.php?rest_route=\/wp\/v2\/pages\/222\/revisions\/2722"}],"up":[{"embeddable":true,"href":"http:\/\/www.kldianamilicz.pl\/index.php?rest_route=\/wp\/v2\/pages\/3"}],"wp:attachment":[{"href":"http:\/\/www.kldianamilicz.pl\/index.php?rest_route=%2Fwp%2Fv2%2Fmedia&parent=222"}],"curies":[{"name":"wp","href":"https:\/\/api.w.org\/{rel}","templated":true}]}}