{"id":268,"date":"2010-04-16T14:43:13","date_gmt":"2010-04-16T14:43:13","guid":{"rendered":"http:\/\/www.kldianamilicz.pl\/?page_id=268"},"modified":"2015-05-30T19:29:11","modified_gmt":"2015-05-30T19:29:11","slug":"od-autorow","status":"publish","type":"page","link":"http:\/\/www.kldianamilicz.pl\/?page_id=268","title":{"rendered":"Od autor\u00f3w"},"content":{"rendered":"<p><em>\u201eKronika w zasadzie ma zadanie notowania fakt\u00f3w autentycznych, pisanych oraz podawanych ustnie. Ka\u017cdy z kolei kronikarz <\/em><em>uwa\u017ca za swoje zadanie odpowiednie interpretowanie poszczeg\u00f3lnych fakt\u00f3w. Dlatego te\u017c kroniki bywaj\u0105 tendencyjne. Tak bardzo bym chcia\u0142 by ta kronika nie by\u0142a tendencyjna \u2013 w miar\u0119 obiektywna, w miar\u0119 weso\u0142a. Je\u015bli wi\u0119c padnie tu jakie\u015b nazwisko kolegi wyr\u00f3\u017cniaj\u0105cego si\u0119, a ka\u017cdy z nas na sw\u00f3j spos\u00f3b jako\u015b si\u0119 wyr\u00f3\u017cnia dlatego ka\u017cdemu s\u0142\u00f3w kilka po\u015bwi\u0119ci\u0107 pragn\u0119, nie po to by umniejszy\u0107 jego rol\u0119, znaczenie i miejsce w naszym kole lecz odwrotnie, po to by wykaza\u0107 jego zas\u0142ugi b\u0105d\u017a wp\u0142yw na organizacj\u0119 pracy, polowa\u0144 i rozw\u00f3j naszego ko\u0142a.\u201d<\/em><\/p>\n<p>Tymi s\u0142owami rozpocz\u0105\u0142 w 1975 roku pisanie kroniki ko\u0142a kol. Edmund Cho\u0142odecki. Na podstawie opowiada\u0144 starszych my\u015bliwych opisa\u0142 powojenne pocz\u0105tki milickiego \u0142owiectwa oraz Ko\u0142a \u0141owieckiego \u201eDiana\u201d w Miliczu. Niestety nie znalaz\u0142 nast\u0119pcy, kt\u00f3ry zast\u0105pi\u0142 by Go na funkcji kronikarza.<\/p>\n<p>Bohdan Czeszko napisa\u0142 : <em>\u201e &#8230;..Zamy\u015blam si\u0119 nad tym \u2013 ja, jeden ze spadkobierc\u00f3w tego dziedzictwa \u2013 patrz\u0105c na fotogramy Zdzis\u0142awa Wdowi\u0144skiego, poniewa\u017c nie mog\u0119 pozby\u0107 si\u0119 uczucia l\u0119ku i niepokoju towarzysz\u0105cego mi przy ogl\u0105daniu tych fotografii. Czy m\u00f3j syn b\u0119dzie to m\u00f3g\u0142 jeszcze ogl\u0105da\u0107 w naturze, czy tylko na kartkach tego albumu, a wnuk ? &#8230;..\u201d<\/em><\/p>\n<p>Maj\u0105c powy\u017csze na wzgl\u0119dzie podejmujemy wyzwanie dokumentowania naszej dzia\u0142alno\u015bci a internet, b\u0119d\u0105c bardzo pojemnym, otwiera przed nami wr\u0119cz nieograniczone mo\u017cliwo\u015bci zamieszczania r\u00f3\u017cnych informacji oraz zdj\u0119\u0107. Niebagateln\u0105 rol\u0105 jest tak\u017ce og\u00f3lnodost\u0119pno\u015b\u0107 strony www za pomoc\u0105, kt\u00f3rej mo\u017cemy komunikowa\u0107 si\u0119 i co wa\u017cniejsze propagowa\u0107 ide\u0119 \u0142owiectwa w\u015br\u00f3d os\u00f3b nie maj\u0105cych na co dzie\u0144 styczno\u015bci z my\u015bliwstwem.<\/p>\n<p>Na podstawie zapis\u00f3w w kronice prowadzonej przez kol. Mundka oraz w\u0142asnych prze\u017cy\u0107 streszczamy histori\u0119 K\u0141 \u201eDiana\u201d w Miliczu i \u201eodgrzebujemy\u201d stare fotografie oraz udost\u0119pniamy informacje przydatne nie tylko my\u015bliwym<\/p>\n<p>Apelujemy do koleg\u00f3w o materia\u0142y nadaj\u0105ce si\u0119 do publikacji, uwagi na temat naszej strony i z g\u00f3ry dzi\u0119kujemy za pomoc.<\/p>\n<p style=\"text-align: right;\">Darz B\u00f3r<\/p>\n","protected":false},"excerpt":{"rendered":"<p>\u201eKronika w zasadzie ma zadanie notowania fakt\u00f3w autentycznych, pisanych oraz podawanych ustnie. Ka\u017cdy z kolei kronikarz uwa\u017ca za swoje zadanie odpowiednie interpretowanie poszczeg\u00f3lnych fakt\u00f3w. Dlatego te\u017c kroniki bywaj\u0105 tendencyjne. Tak bardzo bym chcia\u0142 by ta kronika nie by\u0142a tendencyjna \u2013 w miar\u0119 obiektywna, w miar\u0119 weso\u0142a. Je\u015bli wi\u0119c padnie tu jakie\u015b nazwisko kolegi wyr\u00f3\u017cniaj\u0105cego si\u0119, [&hellip;]<\/p>\n","protected":false},"author":1,"featured_media":0,"parent":0,"menu_order":3,"comment_status":"closed","ping_status":"closed","template":"","meta":{"footnotes":""},"class_list":["post-268","page","type-page","status-publish","hentry"],"_links":{"self":[{"href":"http:\/\/www.kldianamilicz.pl\/index.php?rest_route=\/wp\/v2\/pages\/268","targetHints":{"allow":["GET"]}}],"collection":[{"href":"http:\/\/www.kldianamilicz.pl\/index.php?rest_route=\/wp\/v2\/pages"}],"about":[{"href":"http:\/\/www.kldianamilicz.pl\/index.php?rest_route=\/wp\/v2\/types\/page"}],"author":[{"embeddable":true,"href":"http:\/\/www.kldianamilicz.pl\/index.php?rest_route=\/wp\/v2\/users\/1"}],"replies":[{"embeddable":true,"href":"http:\/\/www.kldianamilicz.pl\/index.php?rest_route=%2Fwp%2Fv2%2Fcomments&post=268"}],"version-history":[{"count":15,"href":"http:\/\/www.kldianamilicz.pl\/index.php?rest_route=\/wp\/v2\/pages\/268\/revisions"}],"predecessor-version":[{"id":391,"href":"http:\/\/www.kldianamilicz.pl\/index.php?rest_route=\/wp\/v2\/pages\/268\/revisions\/391"}],"wp:attachment":[{"href":"http:\/\/www.kldianamilicz.pl\/index.php?rest_route=%2Fwp%2Fv2%2Fmedia&parent=268"}],"curies":[{"name":"wp","href":"https:\/\/api.w.org\/{rel}","templated":true}]}}