{"id":270,"date":"2010-04-16T14:45:22","date_gmt":"2010-04-16T14:45:22","guid":{"rendered":"http:\/\/www.kldianamilicz.pl\/?page_id=270"},"modified":"2019-07-03T08:50:40","modified_gmt":"2019-07-03T08:50:40","slug":"wspomnienia-opowiadania","status":"publish","type":"page","link":"http:\/\/www.kldianamilicz.pl\/?page_id=270","title":{"rendered":"Wspomnienia, opowiadania"},"content":{"rendered":"<p><a href=\"http:\/\/www.kldianamilicz.pl\/?page_id=588\">Kilka s\u0142\u00f3w o ludziach z fuzj\u0105<\/a><\/p>\n<p><span style=\"mso-spacerun: yes;\"><a href=\"http:\/\/www.kldianamilicz.pl\/?page_id=577\">Dowcipy Edmunda Cho\u0142odeckiego<\/a> <\/span><\/p>\n<p><span style=\"mso-spacerun: yes;\"><a href=\"http:\/\/www.kldianamilicz.pl\/?page_id=2791\">Rzecz o ambonach<\/a><\/span><\/p>\n<p><span style=\"mso-spacerun: yes;\">\u00a0<\/span><\/p>\n<p><span style=\"mso-spacerun: yes;\">\u00a0<\/span><\/p>\n<h5 style=\"text-align: right;\"><em><span style=\"color: #008000;\">Je\u015bli posiadasz jakie\u015b ciekawe wspomnienia znasz zabawne historie<br \/>\no kole lub jego cz\u0142onkach &#8211; prze\u015blij je nam, niech inni te\u017c maj\u0105 radoch\u0119.<br \/>\nAdministrator<br \/>\n<\/span><\/em><\/h5>\n","protected":false},"excerpt":{"rendered":"<p>Kilka s\u0142\u00f3w o ludziach z fuzj\u0105 Dowcipy Edmunda Cho\u0142odeckiego Rzecz o ambonach \u00a0 \u00a0 Je\u015bli posiadasz jakie\u015b ciekawe wspomnienia znasz zabawne historie o kole lub jego cz\u0142onkach &#8211; prze\u015blij je nam, niech inni te\u017c maj\u0105 radoch\u0119. Administrator<\/p>\n","protected":false},"author":1,"featured_media":0,"parent":0,"menu_order":24,"comment_status":"closed","ping_status":"closed","template":"","meta":{"footnotes":""},"class_list":["post-270","page","type-page","status-publish","hentry"],"_links":{"self":[{"href":"http:\/\/www.kldianamilicz.pl\/index.php?rest_route=\/wp\/v2\/pages\/270","targetHints":{"allow":["GET"]}}],"collection":[{"href":"http:\/\/www.kldianamilicz.pl\/index.php?rest_route=\/wp\/v2\/pages"}],"about":[{"href":"http:\/\/www.kldianamilicz.pl\/index.php?rest_route=\/wp\/v2\/types\/page"}],"author":[{"embeddable":true,"href":"http:\/\/www.kldianamilicz.pl\/index.php?rest_route=\/wp\/v2\/users\/1"}],"replies":[{"embeddable":true,"href":"http:\/\/www.kldianamilicz.pl\/index.php?rest_route=%2Fwp%2Fv2%2Fcomments&post=270"}],"version-history":[{"count":43,"href":"http:\/\/www.kldianamilicz.pl\/index.php?rest_route=\/wp\/v2\/pages\/270\/revisions"}],"predecessor-version":[{"id":4290,"href":"http:\/\/www.kldianamilicz.pl\/index.php?rest_route=\/wp\/v2\/pages\/270\/revisions\/4290"}],"wp:attachment":[{"href":"http:\/\/www.kldianamilicz.pl\/index.php?rest_route=%2Fwp%2Fv2%2Fmedia&parent=270"}],"curies":[{"name":"wp","href":"https:\/\/api.w.org\/{rel}","templated":true}]}}