{"id":273,"date":"2010-04-16T14:46:56","date_gmt":"2010-04-16T14:46:56","guid":{"rendered":"http:\/\/www.kldianamilicz.pl\/?page_id=273"},"modified":"2010-04-16T19:29:26","modified_gmt":"2010-04-16T19:29:26","slug":"obwody-lowieckie","status":"publish","type":"page","link":"http:\/\/www.kldianamilicz.pl\/?page_id=273","title":{"rendered":"Obwody \u0142owieckie"},"content":{"rendered":"<h3>Ko\u0142o \u0141owieckie \u201eDiana\u201d w Miliczu gospodaruje na dw\u00f3ch obwodach \u0142owieckich, nr 44 i 65.<\/h3>\n<p><span style=\"color: #ff0000;\"><strong>Obw\u00f3d \u0142owiecki nr 44<\/strong><\/span> po\u0142o\u017cony jest w okolicy Milicza i tworzy swoisty tr\u00f3jk\u0105t. Wschodni\u0105 granic\u0119 stanowi droga Milicz \u2013 Odolan\u00f3w od przeci\u0119cia z trakcj\u0105 kolejow\u0105 Milicz \u2013 Krotoszyn w miejscowo\u015bci Wszewilki do granicy wojew\u00f3dztwa dolno\u015bl\u0105skiego przed miejscowo\u015bci\u0105 Zduny. P\u00f3\u0142nocna granica obwodu przebiega zgodnie z granic\u0105 wojew\u00f3dztw dolno\u015bl\u0105skiego i wielkopolskiego. Od zachodu granic\u0105 jest trakcja kolejowa Milicz \u2013 Krotoszyn.<\/p>\n<p>Obw\u00f3d o powierzchni 6956 ha, w tym 2510 ha lasu, zaliczony jest do \u015bredniej kategorii. Pozyskanie zwierzyny przedstawia si\u0119 nast\u0119puj\u0105co:<\/p>\n<ul>\n<li>jelenie\t\t\u2013 20 szt. w tym 5 \tbyk\u00f3w,<\/li>\n<li>daniele\t\t\u2013 3 szt. w tym 1 byk,<\/li>\n<li>sarny \t\t\u2013 110 szt. w tym 45 \tkoz\u0142\u00f3w,<\/li>\n<li>dziki \t\t\u2013 90 szt.,<\/li>\n<li>lisy \t\t\u2013 30 szt.,<\/li>\n<li>jenoty \t\t\u2013 8 szt.,<\/li>\n<li>borsuki \t\u2013 4 szt.,<\/li>\n<li>g\u0119si \t\t\u2013 100 szt.,<\/li>\n<li>kaczki \t\t\u2013 20 szt.<\/li>\n<\/ul>\n<p><a href=\"http:\/\/www.kldianamilicz.pl\/wp-content\/uploads\/2010\/04\/okreg-milicz.jpg\"><img loading=\"lazy\" decoding=\"async\" class=\"alignnone size-full wp-image-294\" title=\"okreg-milicz\" src=\"http:\/\/www.kldianamilicz.pl\/wp-content\/uploads\/2010\/04\/okreg-milicz.jpg\" alt=\"\" width=\"597\" height=\"447\" srcset=\"http:\/\/www.kldianamilicz.pl\/wp-content\/uploads\/2010\/04\/okreg-milicz.jpg 597w, http:\/\/www.kldianamilicz.pl\/wp-content\/uploads\/2010\/04\/okreg-milicz-300x224.jpg 300w\" sizes=\"auto, (max-width: 597px) 100vw, 597px\" \/><\/a><\/p>\n<h1><strong><span style=\"color: #ff0000;\"><br \/>\n<\/span><\/strong><\/h1>\n<p><strong><span style=\"color: #ff0000;\">Obw\u00f3d \u0142owiecki nr 65<\/span><\/strong> po\u0142o\u017cony jest w okolicy \u017bmigrodu. Opis granicy nie jest prosty i precyzyjny jak w przypadku obwodu 44. Rozpoczynamy go od miejscowo\u015bci \u017bmigr\u00f3d, p\u00f3\u0142nocna granica to asfaltowa droga do miejscowo\u015bci Osiek Ma\u0142y. St\u0105d od wschodu granica przebiega najpierw drog\u0105 poln\u0105 do mostku na rzece S\u0105siecznicy i drogi asfaltowej do Powidzka a nast\u0119pnie przez Powidzko do miejscowo\u015bci Sanie. Tutaj rozpoczynamy granic\u0119 p\u00f3\u0142nocn\u0105 przez Sanie do drogi krajowej Wroc\u0142aw \u2013 Pozna\u0144 a nast\u0119pnie granic\u0105 polno-le\u015bn\u0105 i rowem do miejscowo\u015bci Marz\u0119cin. Dalej przez trakcj\u0119 kolejow\u0105 Wroc\u0142aw \u2013 Pozna\u0144 i ponownie granic\u0105 polno-le\u015bn\u0105 a nast\u0119pnie drog\u0105 poln\u0105 do miejscowo\u015bci Kliszkowice. Od zachodu obw\u00f3d zamyka droga asfaltowa Kliszkowice \u2013 \u017bmigr\u00f3d.<\/p>\n<p>Obw\u00f3d o powierzchni 3125 ha, w tym 73 ha lasu, zaliczany jest do s\u0142abej kategorii. Pozyskanie zwierzyny przedstawia si\u0119 nast\u0119puj\u0105co:<\/p>\n<ul>\n<li>jelenie\t\t\u2013 3 szt. w tym 1 byk,<\/li>\n<li>sarny \t\t\u2013 26 szt. w tym 12 \tkoz\u0142\u00f3w,<\/li>\n<li>dziki \t\t\u2013 35 szt.,<\/li>\n<li>lisy \t\t\u2013 11 szt.,<\/li>\n<li>jenoty \t\t\u2013 2 szt.,<\/li>\n<li>ba\u017canty \t\u2013 25 szt.,<\/li>\n<li>g\u0119si \t\t\u2013 40 szt.,<\/li>\n<li>kaczki \t\t\u2013 10 szt.<\/li>\n<\/ul>\n<p><a href=\"http:\/\/www.kldianamilicz.pl\/wp-content\/uploads\/2010\/04\/okreg-zmigrod.jpg\"><img loading=\"lazy\" decoding=\"async\" class=\"alignnone size-full wp-image-296\" title=\"okreg-zmigrod\" src=\"http:\/\/www.kldianamilicz.pl\/wp-content\/uploads\/2010\/04\/okreg-zmigrod.jpg\" alt=\"\" width=\"580\" height=\"359\" srcset=\"http:\/\/www.kldianamilicz.pl\/wp-content\/uploads\/2010\/04\/okreg-zmigrod.jpg 580w, http:\/\/www.kldianamilicz.pl\/wp-content\/uploads\/2010\/04\/okreg-zmigrod-300x185.jpg 300w\" sizes=\"auto, (max-width: 580px) 100vw, 580px\" \/><\/a><\/p>\n","protected":false},"excerpt":{"rendered":"<p>Ko\u0142o \u0141owieckie \u201eDiana\u201d w Miliczu gospodaruje na dw\u00f3ch obwodach \u0142owieckich, nr 44 i 65. Obw\u00f3d \u0142owiecki nr 44 po\u0142o\u017cony jest w okolicy Milicza i tworzy swoisty tr\u00f3jk\u0105t. Wschodni\u0105 granic\u0119 stanowi droga Milicz \u2013 Odolan\u00f3w od przeci\u0119cia z trakcj\u0105 kolejow\u0105 Milicz \u2013 Krotoszyn w miejscowo\u015bci Wszewilki do granicy wojew\u00f3dztwa dolno\u015bl\u0105skiego przed miejscowo\u015bci\u0105 Zduny. P\u00f3\u0142nocna granica obwodu [&hellip;]<\/p>\n","protected":false},"author":1,"featured_media":0,"parent":0,"menu_order":12,"comment_status":"closed","ping_status":"closed","template":"","meta":{"footnotes":""},"class_list":["post-273","page","type-page","status-publish","hentry"],"_links":{"self":[{"href":"http:\/\/www.kldianamilicz.pl\/index.php?rest_route=\/wp\/v2\/pages\/273","targetHints":{"allow":["GET"]}}],"collection":[{"href":"http:\/\/www.kldianamilicz.pl\/index.php?rest_route=\/wp\/v2\/pages"}],"about":[{"href":"http:\/\/www.kldianamilicz.pl\/index.php?rest_route=\/wp\/v2\/types\/page"}],"author":[{"embeddable":true,"href":"http:\/\/www.kldianamilicz.pl\/index.php?rest_route=\/wp\/v2\/users\/1"}],"replies":[{"embeddable":true,"href":"http:\/\/www.kldianamilicz.pl\/index.php?rest_route=%2Fwp%2Fv2%2Fcomments&post=273"}],"version-history":[{"count":10,"href":"http:\/\/www.kldianamilicz.pl\/index.php?rest_route=\/wp\/v2\/pages\/273\/revisions"}],"predecessor-version":[{"id":298,"href":"http:\/\/www.kldianamilicz.pl\/index.php?rest_route=\/wp\/v2\/pages\/273\/revisions\/298"}],"wp:attachment":[{"href":"http:\/\/www.kldianamilicz.pl\/index.php?rest_route=%2Fwp%2Fv2%2Fmedia&parent=273"}],"curies":[{"name":"wp","href":"https:\/\/api.w.org\/{rel}","templated":true}]}}