{"id":275,"date":"2010-04-16T14:47:45","date_gmt":"2010-04-16T14:47:45","guid":{"rendered":"http:\/\/www.kldianamilicz.pl\/?page_id=275"},"modified":"2021-07-27T11:49:44","modified_gmt":"2021-07-27T11:49:44","slug":"zarzad-kola","status":"publish","type":"page","link":"http:\/\/www.kldianamilicz.pl\/?page_id=275","title":{"rendered":"Zarz\u0105d Ko\u0142a"},"content":{"rendered":"<p>Prezes Ko\u0142a:\u00a0Krzysztof Golec<\/p>\n<p>\u0141owczy Ko\u0142a: Zdzis\u0142aw Musia\u0142<\/p>\n<p>Skarbnik: Wojciech Wencek<\/p>\n<p>Sekretarz:\u00a0Robert Musia\u0142<\/p>\n<p>Cz\u0142onek zarz\u0105du: Mariusz Buszy\u0144ski<\/p>\n<pre><\/pre>\n<h1><\/h1>\n<p>Poczta Zarz\u0105du Ko\u0142a: zarzad@kldianamilicz.pl<\/p>\n","protected":false},"excerpt":{"rendered":"<p>Prezes Ko\u0142a:\u00a0Krzysztof Golec \u0141owczy Ko\u0142a: Zdzis\u0142aw Musia\u0142 Skarbnik: Wojciech Wencek Sekretarz:\u00a0Robert Musia\u0142 Cz\u0142onek zarz\u0105du: Mariusz Buszy\u0144ski Poczta Zarz\u0105du Ko\u0142a: zarzad@kldianamilicz.pl<\/p>\n","protected":false},"author":1,"featured_media":0,"parent":0,"menu_order":6,"comment_status":"closed","ping_status":"closed","template":"","meta":{"footnotes":""},"class_list":["post-275","page","type-page","status-publish","hentry"],"_links":{"self":[{"href":"http:\/\/www.kldianamilicz.pl\/index.php?rest_route=\/wp\/v2\/pages\/275","targetHints":{"allow":["GET"]}}],"collection":[{"href":"http:\/\/www.kldianamilicz.pl\/index.php?rest_route=\/wp\/v2\/pages"}],"about":[{"href":"http:\/\/www.kldianamilicz.pl\/index.php?rest_route=\/wp\/v2\/types\/page"}],"author":[{"embeddable":true,"href":"http:\/\/www.kldianamilicz.pl\/index.php?rest_route=\/wp\/v2\/users\/1"}],"replies":[{"embeddable":true,"href":"http:\/\/www.kldianamilicz.pl\/index.php?rest_route=%2Fwp%2Fv2%2Fcomments&post=275"}],"version-history":[{"count":20,"href":"http:\/\/www.kldianamilicz.pl\/index.php?rest_route=\/wp\/v2\/pages\/275\/revisions"}],"predecessor-version":[{"id":4324,"href":"http:\/\/www.kldianamilicz.pl\/index.php?rest_route=\/wp\/v2\/pages\/275\/revisions\/4324"}],"wp:attachment":[{"href":"http:\/\/www.kldianamilicz.pl\/index.php?rest_route=%2Fwp%2Fv2%2Fmedia&parent=275"}],"curies":[{"name":"wp","href":"https:\/\/api.w.org\/{rel}","templated":true}]}}