{"id":2791,"date":"2010-06-22T08:09:05","date_gmt":"2010-06-22T08:09:05","guid":{"rendered":"http:\/\/www.kldianamilicz.pl\/?page_id=2791"},"modified":"2010-06-25T05:04:43","modified_gmt":"2010-06-25T05:04:43","slug":"rzecz-o-ambonach","status":"publish","type":"page","link":"http:\/\/www.kldianamilicz.pl\/?page_id=2791","title":{"rendered":"Rzecz o ambonach"},"content":{"rendered":"<p class=\"MsoNormal\">Z w\u0142asnych do\u015bwiadcze\u0144, je\u017cd\u017c\u0105c po r\u00f3\u017cnych \u0142owiskach, a tak\u017ce z opowiada\u0144 koleg\u00f3w wynikaj\u0105 spostrze\u017cenia dotycz\u0105ce jako\u015bci ambon my\u015bliwskich. Niestety nie dopracowali\u015bmy si\u0119 jednego wzorca, kt\u00f3ry by\u0142by stosowany przez nasze grupy. Owszem swego czasu rozdano projekt ambony i zalecono aby na jego podstawie budowa\u0107 nowe obiekty, ale nic z tego nie wysz\u0142o. Dlaczego? Nie wiem.<\/p>\n<p class=\"MsoNormal\">Z du\u017cym zainteresowaniem i oczywi\u015bcie weso\u0142o\u015bci\u0105 s\u0142ucha\u0142em opowie\u015bci Krzysia \u015awi\u0105tkowskiego o polowaniu na terenie Wzi\u0105chowa. Ot\u00f3\u017c wybra\u0142 si\u0119 nasz kolega p\u00f3\u017anojesienn\u0105 por\u0105 na grubego zwierza. Dojecha\u0142 w \u0142owisko samochodem i do ambony dotar\u0142 pieszo pokonuj\u0105c do\u015b\u0107 spory odcinek drogi. Jak to w takich wypadkach bywa ubra\u0142 si\u0119 na zasiadk\u0119, czyli ciep\u0142o. Zanim dotar\u0142 na miejsce nieco si\u0119 zgrza\u0142. I tu zaczyna si\u0119 ten fragment opowiadania, kt\u00f3ry roz\u015bmieszy\u0142 do \u0142ez ca\u0142e towarzystwo, a kt\u00f3rego ja nie jestem w stanie bardzo dok\u0142adnie odtworzy\u0107. Chodzi\u0142o o to, \u017ce wej\u015bcie do kosza ambony by\u0142o bardzo ma\u0142e (w\u0105skie i do tego niskie). Krzysiek opowiada\u0142 jak to przymierza\u0142 si\u0119 do wej\u015bcia, aby dosta\u0107 si\u0119 do \u015brodka i nijak nie m\u00f3g\u0142 tego dokona\u0107. Oczywi\u015bcie przy opowie\u015bci bardzo sugestywnie demonstrowa\u0142 jak to robi\u0142. Po pierwszych nieudanych pr\u00f3bach wdarcia si\u0119 do kosza ambony doszed\u0142 do wniosku, \u017ce trzeba si\u0119 rozebra\u0107. Zacz\u0105\u0142 wi\u0119c zdejmowa\u0107 wierzchnie odzienie i pr\u00f3bowa\u0142 nadal przej\u015b\u0107 przez w\u0105skie wej\u015bcie, ale nie m\u00f3g\u0142. Dopiero po zdj\u0119ciu wi\u0119kszo\u015bci ubrania jakie na sobie mia\u0142 m\u00f3g\u0142 dosta\u0107 si\u0119 do \u015brodka. W tym czasie nieco zmarz\u0142 i jak tylko znalaz\u0142 si\u0119 na miejscu szybko na\u0142o\u017cy\u0142 ubranie. Tego dnia przed wyjazdem z\u0142apa\u0142 za kolano dziewczyn\u0119 i mia\u0142 szcz\u0119\u015bcie. Po oko\u0142o p\u00f3\u0142 godzinie wyszed\u0142 dzik, do kt\u00f3rego odda\u0142 strza\u0142. No i trzeba teraz zej\u015b\u0107. Ale, jak ju\u017c wiecie, nie by\u0142o to proste. Znowu rozbieranie, zej\u015bcie i ponowne ubieranie. Podczas ca\u0142ej opowie\u015bci, Krzysztof opr\u00f3cz demonstrowania jak to wygl\u0105da\u0142o, wtr\u0105ca\u0142 komentarze o jako\u015bci ambony i jej budowniczych, kt\u00f3rych nie mog\u0119 zacytowa\u0107.<\/p>\n<p class=\"MsoNormal\">Przytoczy\u0142em t\u0119 opowiastk\u0119 poniewa\u017c ca\u0142y czas zastanawia\u0142em si\u0119, dlaczego nasza grupa (Jurka Jureckiego) wykonuje niedo\u015bcig\u0142e w swej jako\u015bci ambony. Podstawa\u00a0 to organizacja i podzia\u0142 pracy. Oczywi\u015bcie najwa\u017cniejszym ogniwem jest osoba naszego wodza Jurka. To nie ulega w\u0105tpliwo\u015bci. W\u0142a\u015bciwie prawie wszystko Jemu zawdzi\u0119czamy. No w\u0142a\u015bnie prawie ale nie wszystko. Pozostali te\u017c co nieco wnosz\u0105 w te dzie\u0142a sztuki in\u017cynierskiej. G\u0142\u00f3wnym ustawiaczem ambony i inspektorem nadzoru jest Krzysio (wymagaj\u0105ca cholera). Nasz niedu\u017cy ( ale pod wzgl\u0119dem wzrostu, a nie ducha) kolega Marek jest odpowiedzialny za sprawy kulturalno-o\u015bwiatowe (Ka-Owiec). Dba, aby by\u0142o weso\u0142o i pilnuje zaopatrzenia w materia\u0142y budowlane i nie tylko. Piotr, zwany Zaj\u0105cem, a w przyp\u0142ywie dobrego humoru grupy Zaj\u0105czkiem, jest rzecznikiem prasowym. Odpowiada za sprawy formalne i nasz wizerunek medialny. Pawe\u0142 i Kamil, jako najm\u0142odsi, s\u0105 specjalistami od zada\u0144 specjalnych czyli stawiania ambony. Swoje zadania wykonuj\u0105 perfekcyjnie. I ostatni w grupie, ale drugi co do wa\u017cno\u015bci wykonywanych zada\u0144 jest Witia. Witek jest \u201epr\u00f3bowaczem\u201d\u00a0 Po postawieniu ambony pierwszy na ni\u0105 wchodzi i dokonuje pr\u00f3b wytrzyma\u0142o\u015bci, a tak\u017ce funkcjonalno\u015bci naszej budowli. Jak Witu\u015b na ambon\u0119 wejdzie to nikt inny nie b\u0119dzie mia\u0142 z tym problem\u00f3w a i bezpiecze\u0144stwo murowane.<\/p>\n\n\t\t<style type=\"text\/css\">\n\t\t\t#gallery-1 {\n\t\t\t\tmargin: auto;\n\t\t\t}\n\t\t\t#gallery-1 .gallery-item {\n\t\t\t\tfloat: left;\n\t\t\t\tmargin-top: 10px;\n\t\t\t\ttext-align: center;\n\t\t\t\twidth: 20%;\n\t\t\t}\n\t\t\t#gallery-1 img {\n\t\t\t\tborder: 2px solid #cfcfcf;\n\t\t\t}\n\t\t\t#gallery-1 .gallery-caption {\n\t\t\t\tmargin-left: 0;\n\t\t\t}\n\t\t\t\/* see gallery_shortcode() in wp-includes\/media.php *\/\n\t\t<\/style>\n\t\t<div id='gallery-1' class='gallery galleryid-2791 gallery-columns-5 gallery-size-thumbnail'><dl class='gallery-item'>\n\t\t\t<dt class='gallery-icon portrait'>\n\t\t\t\t<a href='http:\/\/www.kldianamilicz.pl\/wp-content\/uploads\/2010\/06\/Witek-en-face.jpg'><img loading=\"lazy\" decoding=\"async\" width=\"69\" height=\"150\" src=\"http:\/\/www.kldianamilicz.pl\/wp-content\/uploads\/2010\/06\/Witek-en-face-e1277227625497-69x150.jpg\" class=\"attachment-thumbnail size-thumbnail\" alt=\"\" \/><\/a>\n\t\t\t<\/dt><\/dl><dl class='gallery-item'>\n\t\t\t<dt class='gallery-icon portrait'>\n\t\t\t\t<a href='http:\/\/www.kldianamilicz.pl\/wp-content\/uploads\/2010\/06\/Witek-z-profilu.jpg'><img loading=\"lazy\" decoding=\"async\" width=\"59\" height=\"150\" src=\"http:\/\/www.kldianamilicz.pl\/wp-content\/uploads\/2010\/06\/Witek-z-profilu-e1277227703507-59x150.jpg\" class=\"attachment-thumbnail size-thumbnail\" alt=\"\" \/><\/a>\n\t\t\t<\/dt><\/dl><dl class='gallery-item'>\n\t\t\t<dt class='gallery-icon portrait'>\n\t\t\t\t<a href='http:\/\/www.kldianamilicz.pl\/wp-content\/uploads\/2010\/06\/Witek-na-ambonie.jpg'><img loading=\"lazy\" decoding=\"async\" width=\"74\" height=\"150\" src=\"http:\/\/www.kldianamilicz.pl\/wp-content\/uploads\/2010\/06\/Witek-na-ambonie-e1277227815527-74x150.jpg\" class=\"attachment-thumbnail size-thumbnail\" alt=\"\" \/><\/a>\n\t\t\t<\/dt><\/dl><dl class='gallery-item'>\n\t\t\t<dt class='gallery-icon portrait'>\n\t\t\t\t<a href='http:\/\/www.kldianamilicz.pl\/wp-content\/uploads\/2010\/06\/Przymiarka.jpg'><img loading=\"lazy\" decoding=\"async\" width=\"72\" height=\"150\" src=\"http:\/\/www.kldianamilicz.pl\/wp-content\/uploads\/2010\/06\/Przymiarka-e1277227940505-72x150.jpg\" class=\"attachment-thumbnail size-thumbnail\" alt=\"\" \/><\/a>\n\t\t\t<\/dt><\/dl><dl class='gallery-item'>\n\t\t\t<dt class='gallery-icon portrait'>\n\t\t\t\t<a href='http:\/\/www.kldianamilicz.pl\/wp-content\/uploads\/2010\/06\/Witek-zadowolony-z-wej\u015bcia.jpg'><img loading=\"lazy\" decoding=\"async\" width=\"68\" height=\"150\" src=\"http:\/\/www.kldianamilicz.pl\/wp-content\/uploads\/2010\/06\/Witek-zadowolony-z-wej\u015bcia-e1277228052931-68x150.jpg\" class=\"attachment-thumbnail size-thumbnail\" alt=\"\" \/><\/a>\n\t\t\t<\/dt><\/dl><br style=\"clear: both\" \/>\n\t\t<\/div>\n\n<p class=\"MsoNormal\">Je\u015bli Szanowni Koledzy chcieliby skorzysta\u0107 z naszych wzorc\u00f3w to poni\u017cej przedstawiamy szkic ambony wraz z wymiarami. Tak\u017ce nasz kolega Witold jest do dyspozycji, ale dopiero po uzgodnieniu warunk\u00f3w \u201ewykorzystania\u201d Go z kierownikiem grupy \u2013 Jerzym (tel. &#8230;&#8230; \u2013 interwencja Admina).<\/p>\n<p class=\"MsoNormal\"><a href=\"http:\/\/www.kldianamilicz.pl\/wp-content\/uploads\/2010\/06\/Szkic-ambony.png\"><img loading=\"lazy\" decoding=\"async\" class=\"aligncenter size-full wp-image-2817\" title=\"Szkic ambony\" src=\"http:\/\/www.kldianamilicz.pl\/wp-content\/uploads\/2010\/06\/Szkic-ambony.png\" alt=\"\" width=\"958\" height=\"768\" srcset=\"http:\/\/www.kldianamilicz.pl\/wp-content\/uploads\/2010\/06\/Szkic-ambony.png 958w, http:\/\/www.kldianamilicz.pl\/wp-content\/uploads\/2010\/06\/Szkic-ambony-300x240.png 300w\" sizes=\"auto, (max-width: 958px) 100vw, 958px\" \/><\/a><\/p>\n<p class=\"MsoNormal\" style=\"text-align: center;\">\n<p class=\"MsoNormal\" style=\"text-align: center;\">\n<p class=\"MsoNormal\" style=\"text-align: center;\">\n<p class=\"MsoNormal\">I na koniec wspomn\u0119 jeszcze o \u015blimakach. Te z nich, kt\u00f3re znajduj\u0105 si\u0119 w okolicy gdzie budujemy ambon\u0119 s\u0105 przeszcz\u0119\u015bliwe. A wiecie czemu? Z bardzo prostego powodu, ot\u00f3\u017c pilnie pracuj\u0105c nie mamy czasu, zbiera\u0107 ich i zak\u0142\u00f3ca\u0107 im spok\u00f3j.<\/p>\n<p class=\"MsoNormal\">Z my\u015bliwskim pozdrowieniem Darz B\u00f3r &#8211; \u00d3ho<\/p>\n","protected":false},"excerpt":{"rendered":"<p>Z w\u0142asnych do\u015bwiadcze\u0144, je\u017cd\u017c\u0105c po r\u00f3\u017cnych \u0142owiskach, a tak\u017ce z opowiada\u0144 koleg\u00f3w wynikaj\u0105 spostrze\u017cenia dotycz\u0105ce jako\u015bci ambon my\u015bliwskich. Niestety nie dopracowali\u015bmy si\u0119 jednego wzorca, kt\u00f3ry by\u0142by stosowany przez nasze grupy. Owszem swego czasu rozdano projekt ambony i zalecono aby na jego podstawie budowa\u0107 nowe obiekty, ale nic z tego nie wysz\u0142o. Dlaczego? Nie wiem. Z [&hellip;]<\/p>\n","protected":false},"author":1,"featured_media":0,"parent":270,"menu_order":0,"comment_status":"closed","ping_status":"closed","template":"","meta":{"footnotes":""},"class_list":["post-2791","page","type-page","status-publish","hentry"],"_links":{"self":[{"href":"http:\/\/www.kldianamilicz.pl\/index.php?rest_route=\/wp\/v2\/pages\/2791","targetHints":{"allow":["GET"]}}],"collection":[{"href":"http:\/\/www.kldianamilicz.pl\/index.php?rest_route=\/wp\/v2\/pages"}],"about":[{"href":"http:\/\/www.kldianamilicz.pl\/index.php?rest_route=\/wp\/v2\/types\/page"}],"author":[{"embeddable":true,"href":"http:\/\/www.kldianamilicz.pl\/index.php?rest_route=\/wp\/v2\/users\/1"}],"replies":[{"embeddable":true,"href":"http:\/\/www.kldianamilicz.pl\/index.php?rest_route=%2Fwp%2Fv2%2Fcomments&post=2791"}],"version-history":[{"count":14,"href":"http:\/\/www.kldianamilicz.pl\/index.php?rest_route=\/wp\/v2\/pages\/2791\/revisions"}],"predecessor-version":[{"id":2820,"href":"http:\/\/www.kldianamilicz.pl\/index.php?rest_route=\/wp\/v2\/pages\/2791\/revisions\/2820"}],"up":[{"embeddable":true,"href":"http:\/\/www.kldianamilicz.pl\/index.php?rest_route=\/wp\/v2\/pages\/270"}],"wp:attachment":[{"href":"http:\/\/www.kldianamilicz.pl\/index.php?rest_route=%2Fwp%2Fv2%2Fmedia&parent=2791"}],"curies":[{"name":"wp","href":"https:\/\/api.w.org\/{rel}","templated":true}]}}