{"id":281,"date":"2010-04-16T14:54:35","date_gmt":"2010-04-16T14:54:35","guid":{"rendered":"http:\/\/www.kldianamilicz.pl\/?page_id=281"},"modified":"2022-04-08T09:52:32","modified_gmt":"2022-04-08T09:52:32","slug":"galeria","status":"publish","type":"page","link":"http:\/\/www.kldianamilicz.pl\/?page_id=281","title":{"rendered":"Galeria"},"content":{"rendered":"\n<p>Diana w Lokalnej Prasie<\/p>\n\n\n\n<figure class=\"wp-block-image size-large\"><a href=\"http:\/\/www.kldianamilicz.pl\/wp-content\/uploads\/2022\/04\/Diana-Las-2022.jpg\"><img loading=\"lazy\" decoding=\"async\" width=\"447\" height=\"1024\" src=\"http:\/\/www.kldianamilicz.pl\/wp-content\/uploads\/2022\/04\/Diana-Las-2022-447x1024.jpg\" alt=\"Sadzenie lasu 2022\" class=\"wp-image-4358\" srcset=\"http:\/\/www.kldianamilicz.pl\/wp-content\/uploads\/2022\/04\/Diana-Las-2022-447x1024.jpg 447w, http:\/\/www.kldianamilicz.pl\/wp-content\/uploads\/2022\/04\/Diana-Las-2022-131x300.jpg 131w, http:\/\/www.kldianamilicz.pl\/wp-content\/uploads\/2022\/04\/Diana-Las-2022.jpg 640w\" sizes=\"auto, (max-width: 447px) 100vw, 447px\" \/><\/a><\/figure>\n\n\n<p><a href=\"http:\/\/www.kldianamilicz.pl\/?page_id=4260\">Szkolenie na strzelnicy 2016<\/a><\/p>\n<p><a href=\"http:\/\/www.kldianamilicz.pl\/?page_id=4212\" target=\"_blank\" rel=\"noopener\">Walne sprawozdawcze 2016<\/a><\/p>\n<p><a href=\"http:\/\/www.kldianamilicz.pl\/?page_id=4162\" target=\"_blank\" rel=\"noopener\">Budowa ambony 2015 &#8211; grupa Zygmunta<\/a><\/p>\n<p><a href=\"http:\/\/www.kldianamilicz.pl\/?page_id=4045\" target=\"_blank\" rel=\"noopener\">Sadzenie lasu 2015<\/a><\/p>\n<p><a href=\"http:\/\/www.kldianamilicz.pl\/?page_id=4068\" target=\"_blank\" rel=\"noopener\">Budowa ambony 2013 -grupa Zygmunta<\/a><\/p>\n<p><a href=\"http:\/\/www.kldianamilicz.pl\/?page_id=4080\" target=\"_blank\" rel=\"noopener\">Zako\u0144czenie sezonu 2013\/2014<\/a><\/p>\n<p><a href=\"http:\/\/www.kldianamilicz.pl\/?page_id=3996\" target=\"_blank\" rel=\"noopener\">Walne sprawozdawczo-wyborcze 2015<\/a><\/p>\n<p><a href=\"http:\/\/www.kldianamilicz.pl\/?page_id=4146\" target=\"_blank\" rel=\"noopener\">Zbi\u00f3rka kukurydzy 2015<\/a><\/p>\n<p><a href=\"http:\/\/www.kldianamilicz.pl\/?page_id=4171\" target=\"_blank\" rel=\"noopener\">Hubertus 2015<\/a><\/p>\n<p><a href=\"http:\/\/www.kldianamilicz.pl\/?page_id=4187\" target=\"_blank\" rel=\"noopener\">Ko\u0142o DIANA w lokalnej prasie<\/a><\/p>\n<p><a href=\"http:\/\/www.kldianamilicz.pl\/?page_id=286\">Historia<\/a><\/p>\n<p><a href=\"http:\/\/www.kldianamilicz.pl\/?page_id=288\">Wydarzenia<\/a><\/p>\n<p><a href=\"http:\/\/www.kldianamilicz.pl\/?page_id=290\">Polowania<\/a><\/p>\n<p><a href=\"http:\/\/www.kldianamilicz.pl\/?page_id=292\">Trofea<\/a><\/p>\n<p><a href=\"http:\/\/www.kldianamilicz.pl\/?page_id=295\">Przyroda<\/a><\/p>\n<p><a href=\"http:\/\/www.kldianamilicz.pl\/?page_id=2977\">Zdj\u0119cia kolegi Damiana<\/a><\/p>\n<p><a href=\"http:\/\/www.kldianamilicz.pl\/?page_id=3076\">Hubertus 2010<\/a><\/p>\n<p><a href=\"http:\/\/www.kldianamilicz.pl\/?page_id=3157\">Rak\u0142owice-Jawor 2010<\/a><\/p>\n<p><a href=\"http:\/\/www.kldianamilicz.pl\/?page_id=3272\">Nowy Zamek\u2013Cha\u0142upy 2010<\/a><\/p>\n<p><a href=\"http:\/\/www.kldianamilicz.pl\/?page_id=3355\">Wigilia 2010<\/a><\/p>\n<p><a href=\"http:\/\/www.kldianamilicz.pl\/?page_id=3423  \">Godnowo &#8211; stycze\u0144 2011<\/a><\/p>\n<p><a href=\"http:\/\/www.kldianamilicz.pl\/?page_id=3472\">Zwierzyniec \u2013 stycze\u0144 2011<\/a><\/p>","protected":false},"excerpt":{"rendered":"<p>Diana w Lokalnej Prasie Szkolenie na strzelnicy 2016 Walne sprawozdawcze 2016 Budowa ambony 2015 &#8211; grupa Zygmunta Sadzenie lasu 2015 Budowa ambony 2013 -grupa Zygmunta Zako\u0144czenie sezonu 2013\/2014 Walne sprawozdawczo-wyborcze 2015 Zbi\u00f3rka kukurydzy 2015 Hubertus 2015 Ko\u0142o DIANA w lokalnej prasie Historia Wydarzenia Polowania Trofea Przyroda Zdj\u0119cia kolegi Damiana Hubertus 2010 Rak\u0142owice-Jawor 2010 Nowy Zamek\u2013Cha\u0142upy [&hellip;]<\/p>\n","protected":false},"author":1,"featured_media":0,"parent":0,"menu_order":42,"comment_status":"closed","ping_status":"closed","template":"","meta":{"footnotes":""},"class_list":["post-281","page","type-page","status-publish","hentry"],"_links":{"self":[{"href":"http:\/\/www.kldianamilicz.pl\/index.php?rest_route=\/wp\/v2\/pages\/281","targetHints":{"allow":["GET"]}}],"collection":[{"href":"http:\/\/www.kldianamilicz.pl\/index.php?rest_route=\/wp\/v2\/pages"}],"about":[{"href":"http:\/\/www.kldianamilicz.pl\/index.php?rest_route=\/wp\/v2\/types\/page"}],"author":[{"embeddable":true,"href":"http:\/\/www.kldianamilicz.pl\/index.php?rest_route=\/wp\/v2\/users\/1"}],"replies":[{"embeddable":true,"href":"http:\/\/www.kldianamilicz.pl\/index.php?rest_route=%2Fwp%2Fv2%2Fcomments&post=281"}],"version-history":[{"count":50,"href":"http:\/\/www.kldianamilicz.pl\/index.php?rest_route=\/wp\/v2\/pages\/281\/revisions"}],"predecessor-version":[{"id":4359,"href":"http:\/\/www.kldianamilicz.pl\/index.php?rest_route=\/wp\/v2\/pages\/281\/revisions\/4359"}],"wp:attachment":[{"href":"http:\/\/www.kldianamilicz.pl\/index.php?rest_route=%2Fwp%2Fv2%2Fmedia&parent=281"}],"curies":[{"name":"wp","href":"https:\/\/api.w.org\/{rel}","templated":true}]}}