{"id":282,"date":"2010-04-16T14:52:48","date_gmt":"2010-04-16T14:52:48","guid":{"rendered":"http:\/\/www.kldianamilicz.pl\/?page_id=282"},"modified":"2015-05-30T19:48:19","modified_gmt":"2015-05-30T19:48:19","slug":"historia","status":"publish","type":"page","link":"http:\/\/www.kldianamilicz.pl\/?page_id=282","title":{"rendered":"Historia"},"content":{"rendered":"<p>Po zako\u0144czeniu II wojny \u015bwiatowej na ziemie milick\u0105 masowo przybywali osadnicy. W pierwszej kolejno\u015bci przybysze z s\u0105siednich przygranicznych miejscowo\u015bci przedwojennej Polski, nast\u0119pnie repatrianci ze wschodu i z zachodu. Powstaj\u0105 polskie urz\u0119dy, instytucje i organizacje, kt\u00f3re okre\u015blaj\u0105 dzia\u0142alno\u015b\u0107 zgodnie z celami do jakich zosta\u0142y powo\u0142ane. Jednym z wielu zada\u0144 gospodarczych by\u0142o zorganizowanie \u201egospodarki \u0142owieckiej\u201d.<\/p>\n<p>Pierwsze zebranie organizacyjne Stowarzyszenia \u0141owieckiego w powiecie milickim odby\u0142o si\u0119 14 pa\u017adziernika 1946 r., na kt\u00f3rym to powo\u0142ano pierwszy Zarz\u0105d Stowarzyszenia \u0141owieckiego w sk\u0142adzie:<br \/>\n1. Przewodnicz\u0105cy \u2013 Karol Michalak \u2013 starosta powiatowy<br \/>\n2. I-szy z-ca \u2013 Wac\u0142aw Flisowski \u2013 nadle\u015bniczy<br \/>\n3. II-gi z-ca \u2013 Stanis\u0142aw Korzak \u2013 oficer WP<br \/>\n4. \u0141owczy \u2013 Kazimierz Skrzypczak \u2013 le\u015bniczy<br \/>\n5. Sekretarz \u2013 W\u0142odzimierz Hofman \u2013 lekarz<br \/>\n6. Skarbnik \u2013 Marian Gerhard \u2013 nadle\u015bniczy Milicz<br \/>\nNa tym\u017ce zebraniu wybrano tak\u017ce Komisj\u0119 Rewizyjn\u0105 w sk\u0142adzie:<br \/>\n1. Przewodnicz\u0105cy \u2013 Jan Kosik<br \/>\n2. Cz\u0142onek \u2013 W\u0142odzimierz Po\u015bpiech<br \/>\n3. Cz\u0142onek \u2013 Mieczys\u0142aw Walusiak<\/p>\n<p>W 1949 roku w powiecie milickim zarejestrowanych by\u0142o 39 my\u015bliwych. Ze wzgl\u0119du na brak w tamtych czasach stabilizacji \u017cyciowej a szczeg\u00f3lnie cz\u0119ste zmiany miejsca zamieszkania liczba ta nie by\u0142a sta\u0142a. Zmienia\u0142 si\u0119 tak\u017ce sk\u0142ad Zarz\u0105du: Przewodnicz\u0105cego Karola Michalaka zast\u0105pi\u0142 Maksymilian Wdowiak a pe\u0142ni\u0105cego funkcj\u0119 \u0141owczego Kazimierza Skrzypczaka zast\u0105pi\u0142 Stanis\u0142aw Warzak a nast\u0119pnie Edward Chudzik.<br \/>\nStowarzyszenie dzia\u0142a\u0142o w oparciu o ustaw\u0119 \u0142owieck\u0105 z 1927 roku. Wielu my\u015bliwych wydzier\u017cawia\u0142o indywidualnie grunty \u0142owieckie (kt\u00f3re cz\u0119sto mie\u015bci\u0142y si\u0119 w granicach administracyjnych danej wsi) i tak np.:Wdowiak \u2013 Kaszowo, Warzak \u2013 Dziadkowo. Na ka\u017cde polowanie w lesie nale\u017ca\u0142o uzyskiwa\u0107 jednorazowo pozwolenie z nadle\u015bnictwa. Jako ciekawostk\u0119 z tamtych czas\u00f3w mo\u017cna poda\u0107, \u017ce w 1949 roku oficjalnie pozyskano 62 dziki, 19 saren, 1240 zaj\u0119cy, 152 kuropatw (dane wg E. Chudzika).<\/p>\n<p>29 pa\u017adziernika 1952 roku ukaza\u0142 si\u0119 dekret Prezydenta PRL wprowadzaj\u0105cy zarz\u0105dzenie podzia\u0142u kraju na obwody \u0142owieckie o powierzchni od 3000 ha do 10000ha oraz tworzenie przez my\u015bliwych k\u00f3\u0142 \u0142owieckich. W tym czasie w naszym powiecie zarejestrowanych by\u0142o ponad 60 my\u015bliwych.<\/p>\n<p>W oparciu o przepisy ww dekretu Stowarzyszenie \u0141owieckie zmienia nazw\u0119 na Ko\u0142o \u0141owieckie \u201eDiana\u201d w Miliczu. Pierwszym Przewodnicz\u0105cym K\u0141 \u201eDiana\u201d zosta\u0142 J\u00f3zef Zaj\u0105c a \u0141owczym Maksymilian Wdowiak. Ko\u0142o gospodaruje na obwodzie nr 25 o powierzchni ponad 7000 ha w tym ok. 2500 ha las\u00f3w. W 1954 roku odchodzi Maksymilian Wdowiak a funkcj\u0119 \u0141owczego powierzono Stanis\u0142awowi Szyd\u0142owskiemu, kt\u00f3rego nast\u0119pnie zast\u0119puje Edward \u015awi\u0105tkowski. W 1963 roku z Milicza wyje\u017cd\u017ca J\u00f3zef Zaj\u0105c a Prezesem Ko\u0142a wybrano Franciszka Zajiczka. Znany kawalarz i dowcipni\u015b kol. Edmund Cho\u0142odecki narzeka\u0142, \u017ce odchodz\u0105c z prezesury Zaj\u0105c wyznaczy\u0142 na swoje miejsce Zaj\u0105czka (zajiczek to z czeskiego zaj\u0105czek) a m\u00f3g\u0142 dla powagi ko\u0142a wybra\u0107 jakie\u015b grubsze zwierz\u0119, chocia\u017cby Koz\u0142a. W 1965 roku ko\u0142o uzyskuje drugi obw\u00f3d nr 29 o powierzchni ponad 3000 ha. Jest to typowo polny obw\u00f3d w okolicach miejscowo\u015bci \u017bmigr\u00f3d zasobny (w tamtych czasach) w zaj\u0105ca, kuropatw\u0119 oraz sarn\u0119. Na obu obwodach gospodarujemy do dzisiaj.<\/p>\n<p>Na pocz\u0105tku lat siedemdziesi\u0105tych ubieg\u0142ego stulecia na funkcji Prezesa Franciszka Zajiczka zast\u0119puje Mieczys\u0142aw Grabowski. W mi\u0119dzyczasie w sk\u0142ad Zarz\u0105du Ko\u0142a wchodz\u0105 m.in.: Tadeusz Laskowicz, Mieczys\u0142aw Grabowski, Jan \u0106wiklik, Ludwik Kowalewski, Sylwester M\u0142ynarski.<br \/>\nW 1988 roku (po 34 latach) Edward \u015awi\u0105tkowski rezygnuje z pe\u0142nienia funkcji \u0141owczego Ko\u0142a, zast\u0119puje Go Zdzis\u0142aw Musia\u0142, kt\u00f3ry \u0141owczym Ko\u0142a jest do dzisiaj. Edward \u015awi\u0105tkowski ulega namowom koleg\u00f3w my\u015bliwych i podejmuje si\u0119 pe\u0142nienia funkcji Prezesa Ko\u0142a i zmienia Mieczys\u0142awa Grabowskiego.<br \/>\nW styczniu 1989 roku odchodzi do Krainy Wiecznych \u0141ow\u00f3w Edward \u015awi\u0105tkowski. W maju 1989 roku Walne Zgromadzenie Ko\u0142a Prezesem wybiera Stanis\u0142awa Rek\u0119, do tego czasu funkcj\u0119 Prezesa pe\u0142ni\u0142 Sekretarz Ko\u0142a Wojciech Wencek.<br \/>\nW 1991 roku Stanis\u0142awa Rek\u0119 zast\u0119puje Zbigniew \u015awi\u0105tkowski i prezesowa\u0142 do 2015 roku. W mi\u0119dzyczasie w sk\u0142ad Zarz\u0105du Ko\u0142a wchodz\u0105: Wojciech Wencek, Piotr Zajiczek, Zdzis\u0142aw Czerwi\u0144ski, Andrzej Bia\u0142ek, Piotr Buszy\u0144ski.<br \/>\nWybory na walnym w 2015 roku ustali\u0142y sk\u0142ad Zarz\u0105du Ko\u0142a:<\/p>\n<p>Prezes Ko\u0142a:\u00a0Krzysztof Golec<\/p>\n<p>\u0141owczy Ko\u0142a: Zdzis\u0142aw Musia\u0142<\/p>\n<p>Skarbnik: Wojciech Wencek<\/p>\n<p>Sekretarz:\u00a0Robert Musia\u0142<\/p>\n<p>Cz\u0142onek zarz\u0105du: Mariusz Buszy\u0144ski<\/p>\n<p>Obecnie Ko\u0142o liczy 48 cz\u0142onk\u00f3w.<\/p>\n","protected":false},"excerpt":{"rendered":"<p>Po zako\u0144czeniu II wojny \u015bwiatowej na ziemie milick\u0105 masowo przybywali osadnicy. W pierwszej kolejno\u015bci przybysze z s\u0105siednich przygranicznych miejscowo\u015bci przedwojennej Polski, nast\u0119pnie repatrianci ze wschodu i z zachodu. Powstaj\u0105 polskie urz\u0119dy, instytucje i organizacje, kt\u00f3re okre\u015blaj\u0105 dzia\u0142alno\u015b\u0107 zgodnie z celami do jakich zosta\u0142y powo\u0142ane. Jednym z wielu zada\u0144 gospodarczych by\u0142o zorganizowanie \u201egospodarki \u0142owieckiej\u201d. Pierwsze zebranie [&hellip;]<\/p>\n","protected":false},"author":1,"featured_media":0,"parent":0,"menu_order":15,"comment_status":"closed","ping_status":"closed","template":"","meta":{"footnotes":""},"class_list":["post-282","page","type-page","status-publish","hentry"],"_links":{"self":[{"href":"http:\/\/www.kldianamilicz.pl\/index.php?rest_route=\/wp\/v2\/pages\/282","targetHints":{"allow":["GET"]}}],"collection":[{"href":"http:\/\/www.kldianamilicz.pl\/index.php?rest_route=\/wp\/v2\/pages"}],"about":[{"href":"http:\/\/www.kldianamilicz.pl\/index.php?rest_route=\/wp\/v2\/types\/page"}],"author":[{"embeddable":true,"href":"http:\/\/www.kldianamilicz.pl\/index.php?rest_route=\/wp\/v2\/users\/1"}],"replies":[{"embeddable":true,"href":"http:\/\/www.kldianamilicz.pl\/index.php?rest_route=%2Fwp%2Fv2%2Fcomments&post=282"}],"version-history":[{"count":8,"href":"http:\/\/www.kldianamilicz.pl\/index.php?rest_route=\/wp\/v2\/pages\/282\/revisions"}],"predecessor-version":[{"id":3896,"href":"http:\/\/www.kldianamilicz.pl\/index.php?rest_route=\/wp\/v2\/pages\/282\/revisions\/3896"}],"wp:attachment":[{"href":"http:\/\/www.kldianamilicz.pl\/index.php?rest_route=%2Fwp%2Fv2%2Fmedia&parent=282"}],"curies":[{"name":"wp","href":"https:\/\/api.w.org\/{rel}","templated":true}]}}