{"id":290,"date":"2010-04-16T14:59:46","date_gmt":"2010-04-16T14:59:46","guid":{"rendered":"http:\/\/www.kldianamilicz.pl\/?page_id=290"},"modified":"2010-07-06T15:04:39","modified_gmt":"2010-07-06T15:04:39","slug":"polowania","status":"publish","type":"page","link":"http:\/\/www.kldianamilicz.pl\/?page_id=290","title":{"rendered":"<center>Polowania<center\/>"},"content":{"rendered":"\n\t\t<style type=\"text\/css\">\n\t\t\t#gallery-1 {\n\t\t\t\tmargin: auto;\n\t\t\t}\n\t\t\t#gallery-1 .gallery-item {\n\t\t\t\tfloat: left;\n\t\t\t\tmargin-top: 10px;\n\t\t\t\ttext-align: center;\n\t\t\t\twidth: 25%;\n\t\t\t}\n\t\t\t#gallery-1 img {\n\t\t\t\tborder: 2px solid #cfcfcf;\n\t\t\t}\n\t\t\t#gallery-1 .gallery-caption {\n\t\t\t\tmargin-left: 0;\n\t\t\t}\n\t\t\t\/* see gallery_shortcode() in wp-includes\/media.php *\/\n\t\t<\/style>\n\t\t<div id='gallery-1' class='gallery galleryid-290 gallery-columns-4 gallery-size-thumbnail'><dl class='gallery-item'>\n\t\t\t<dt class='gallery-icon portrait'>\n\t\t\t\t<a href='http:\/\/www.kldianamilicz.pl\/wp-content\/uploads\/2010\/04\/Kol.-Hubert-Czerwi\u0144ski-z-pozyskanym-rogaczem.jpg'><img loading=\"lazy\" decoding=\"async\" width=\"150\" height=\"150\" src=\"http:\/\/www.kldianamilicz.pl\/wp-content\/uploads\/2010\/04\/Kol.-Hubert-Czerwi\u0144ski-z-pozyskanym-rogaczem-150x150.jpg\" class=\"attachment-thumbnail size-thumbnail\" alt=\"\" \/><\/a>\n\t\t\t<\/dt><\/dl><dl class='gallery-item'>\n\t\t\t<dt class='gallery-icon landscape'>\n\t\t\t\t<a href='http:\/\/www.kldianamilicz.pl\/wp-content\/uploads\/2010\/04\/Kol.-Zdzis\u0142aw-Musia\u0142-z-prawej-wraz-z-osobami-towarzysz\u0105cymi-przy-odstrzelonym-byku.jpg'><img loading=\"lazy\" decoding=\"async\" width=\"150\" height=\"150\" src=\"http:\/\/www.kldianamilicz.pl\/wp-content\/uploads\/2010\/04\/Kol.-Zdzis\u0142aw-Musia\u0142-z-prawej-wraz-z-osobami-towarzysz\u0105cymi-przy-odstrzelonym-byku-150x150.jpg\" class=\"attachment-thumbnail size-thumbnail\" alt=\"\" \/><\/a>\n\t\t\t<\/dt><\/dl><dl class='gallery-item'>\n\t\t\t<dt class='gallery-icon landscape'>\n\t\t\t\t<a href='http:\/\/www.kldianamilicz.pl\/wp-content\/uploads\/2010\/04\/Du\u0144czycy-maj-2010r..jpg'><img loading=\"lazy\" decoding=\"async\" width=\"150\" height=\"150\" src=\"http:\/\/www.kldianamilicz.pl\/wp-content\/uploads\/2010\/04\/Du\u0144czycy-maj-2010r.-150x150.jpg\" class=\"attachment-thumbnail size-thumbnail\" alt=\"\" \/><\/a>\n\t\t\t<\/dt><\/dl><dl class='gallery-item'>\n\t\t\t<dt class='gallery-icon landscape'>\n\t\t\t\t<a href='http:\/\/www.kldianamilicz.pl\/wp-content\/uploads\/2010\/04\/Piotr-Zajiczek-i-Cero-rekordowy-pokot-w-obwodzie-nr-65-dwa-jenoty-i-dwa-lisy.jpg'><img loading=\"lazy\" decoding=\"async\" width=\"150\" height=\"150\" src=\"http:\/\/www.kldianamilicz.pl\/wp-content\/uploads\/2010\/04\/Piotr-Zajiczek-i-Cero-rekordowy-pokot-w-obwodzie-nr-65-dwa-jenoty-i-dwa-lisy-150x150.jpg\" class=\"attachment-thumbnail size-thumbnail\" alt=\"\" \/><\/a>\n\t\t\t<\/dt><\/dl><br style=\"clear: both\" \/><dl class='gallery-item'>\n\t\t\t<dt class='gallery-icon portrait'>\n\t\t\t\t<a href='http:\/\/www.kldianamilicz.pl\/wp-content\/uploads\/2010\/04\/Piotr-Zajiczek-z-g\u0119\u015bmi.jpg'><img loading=\"lazy\" decoding=\"async\" width=\"150\" height=\"150\" src=\"http:\/\/www.kldianamilicz.pl\/wp-content\/uploads\/2010\/04\/Piotr-Zajiczek-z-g\u0119\u015bmi-150x150.jpg\" class=\"attachment-thumbnail size-thumbnail\" alt=\"\" \/><\/a>\n\t\t\t<\/dt><\/dl><dl class='gallery-item'>\n\t\t\t<dt class='gallery-icon landscape'>\n\t\t\t\t<a href='http:\/\/www.kldianamilicz.pl\/wp-content\/uploads\/2010\/04\/Kaziu-Kolanowski-Rysiek-Mi\u015b-i-Jasiu-Robakowski.jpg'><img loading=\"lazy\" decoding=\"async\" width=\"150\" height=\"150\" src=\"http:\/\/www.kldianamilicz.pl\/wp-content\/uploads\/2010\/04\/Kaziu-Kolanowski-Rysiek-Mi\u015b-i-Jasiu-Robakowski-150x150.jpg\" class=\"attachment-thumbnail size-thumbnail\" alt=\"\" \/><\/a>\n\t\t\t<\/dt><\/dl><dl class='gallery-item'>\n\t\t\t<dt class='gallery-icon landscape'>\n\t\t\t\t<a href='http:\/\/www.kldianamilicz.pl\/wp-content\/uploads\/2010\/04\/Kaziu-Kolanowski-z-\u0142aciatym-dzikiem.jpg'><img loading=\"lazy\" decoding=\"async\" width=\"150\" height=\"150\" src=\"http:\/\/www.kldianamilicz.pl\/wp-content\/uploads\/2010\/04\/Kaziu-Kolanowski-z-\u0142aciatym-dzikiem-150x150.jpg\" class=\"attachment-thumbnail size-thumbnail\" alt=\"\" \/><\/a>\n\t\t\t<\/dt><\/dl><dl class='gallery-item'>\n\t\t\t<dt class='gallery-icon portrait'>\n\t\t\t\t<a href='http:\/\/www.kldianamilicz.pl\/wp-content\/uploads\/2010\/04\/Zdis\u0142aw-Musia\u0142-z-rogaczem.jpg'><img loading=\"lazy\" decoding=\"async\" width=\"100\" height=\"150\" src=\"http:\/\/www.kldianamilicz.pl\/wp-content\/uploads\/2010\/04\/Zdis\u0142aw-Musia\u0142-z-rogaczem-e1271882466834-100x150.jpg\" class=\"attachment-thumbnail size-thumbnail\" alt=\"\" \/><\/a>\n\t\t\t<\/dt><\/dl><br style=\"clear: both\" \/><dl class='gallery-item'>\n\t\t\t<dt class='gallery-icon landscape'>\n\t\t\t\t<a href='http:\/\/www.kldianamilicz.pl\/wp-content\/uploads\/2010\/04\/Zdzis\u0142aw-Musia\u0142-z-osy\u0144cem.jpg'><img loading=\"lazy\" decoding=\"async\" width=\"140\" height=\"150\" src=\"http:\/\/www.kldianamilicz.pl\/wp-content\/uploads\/2010\/04\/Zdzis\u0142aw-Musia\u0142-z-osy\u0144cem-e1271882509140-140x150.jpg\" class=\"attachment-thumbnail size-thumbnail\" alt=\"\" \/><\/a>\n\t\t\t<\/dt><\/dl><dl class='gallery-item'>\n\t\t\t<dt class='gallery-icon portrait'>\n\t\t\t\t<a href='http:\/\/www.kldianamilicz.pl\/wp-content\/uploads\/2010\/04\/Zdzis\u0142aw-Musia\u0142-z-bykiem.jpg'><img loading=\"lazy\" decoding=\"async\" width=\"150\" height=\"150\" src=\"http:\/\/www.kldianamilicz.pl\/wp-content\/uploads\/2010\/04\/Zdzis\u0142aw-Musia\u0142-z-bykiem-150x150.jpg\" class=\"attachment-thumbnail size-thumbnail\" alt=\"\" \/><\/a>\n\t\t\t<\/dt><\/dl><dl class='gallery-item'>\n\t\t\t<dt class='gallery-icon landscape'>\n\t\t\t\t<a href='http:\/\/www.kldianamilicz.pl\/wp-content\/uploads\/2010\/04\/Zbigniew-\u015awi\u0105tkowski-zeswoim-rekordowym-ody\u0144cem.jpg'><img loading=\"lazy\" decoding=\"async\" width=\"150\" height=\"150\" src=\"http:\/\/www.kldianamilicz.pl\/wp-content\/uploads\/2010\/04\/Zbigniew-\u015awi\u0105tkowski-zeswoim-rekordowym-ody\u0144cem-150x150.jpg\" class=\"attachment-thumbnail size-thumbnail\" alt=\"\" \/><\/a>\n\t\t\t<\/dt><\/dl><dl class='gallery-item'>\n\t\t\t<dt class='gallery-icon landscape'>\n\t\t\t\t<a href='http:\/\/www.kldianamilicz.pl\/wp-content\/uploads\/2010\/04\/Andrzej-przy-byku-wraz-z-Piotrem-Zajiczkiem-i-Cerem.jpg'><img loading=\"lazy\" decoding=\"async\" width=\"150\" height=\"150\" src=\"http:\/\/www.kldianamilicz.pl\/wp-content\/uploads\/2010\/04\/Andrzej-przy-byku-wraz-z-Piotrem-Zajiczkiem-i-Cerem-150x150.jpg\" class=\"attachment-thumbnail size-thumbnail\" alt=\"\" \/><\/a>\n\t\t\t<\/dt><\/dl><br style=\"clear: both\" \/><dl class='gallery-item'>\n\t\t\t<dt class='gallery-icon landscape'>\n\t\t\t\t<a href='http:\/\/www.kldianamilicz.pl\/wp-content\/uploads\/2010\/04\/Jeszcze-gratulacje.jpg'><img loading=\"lazy\" decoding=\"async\" width=\"150\" height=\"150\" src=\"http:\/\/www.kldianamilicz.pl\/wp-content\/uploads\/2010\/04\/Jeszcze-gratulacje-150x150.jpg\" class=\"attachment-thumbnail size-thumbnail\" alt=\"\" \/><\/a>\n\t\t\t<\/dt><\/dl><dl class='gallery-item'>\n\t\t\t<dt class='gallery-icon landscape'>\n\t\t\t\t<a href='http:\/\/www.kldianamilicz.pl\/wp-content\/uploads\/2010\/04\/Zbigniew-\u015awi\u0105tkowski-z-namaszczeniem-chrzci-Andrzeja.jpg'><img loading=\"lazy\" decoding=\"async\" width=\"150\" height=\"150\" src=\"http:\/\/www.kldianamilicz.pl\/wp-content\/uploads\/2010\/04\/Zbigniew-\u015awi\u0105tkowski-z-namaszczeniem-chrzci-Andrzeja-150x150.jpg\" class=\"attachment-thumbnail size-thumbnail\" alt=\"\" \/><\/a>\n\t\t\t<\/dt><\/dl><dl class='gallery-item'>\n\t\t\t<dt class='gallery-icon landscape'>\n\t\t\t\t<a href='http:\/\/www.kldianamilicz.pl\/wp-content\/uploads\/2010\/04\/Andrzej-Bia\u0142ek-przy-swoim-pierwszym-byku.jpg'><img loading=\"lazy\" decoding=\"async\" width=\"150\" height=\"150\" src=\"http:\/\/www.kldianamilicz.pl\/wp-content\/uploads\/2010\/04\/Andrzej-Bia\u0142ek-przy-swoim-pierwszym-byku-150x150.jpg\" class=\"attachment-thumbnail size-thumbnail\" alt=\"\" \/><\/a>\n\t\t\t<\/dt><\/dl>\n\t\t\t<br style='clear: both' \/>\n\t\t<\/div>\n\n","protected":false},"excerpt":{"rendered":"","protected":false},"author":1,"featured_media":0,"parent":281,"menu_order":0,"comment_status":"closed","ping_status":"closed","template":"","meta":{"footnotes":""},"class_list":["post-290","page","type-page","status-publish","hentry"],"_links":{"self":[{"href":"http:\/\/www.kldianamilicz.pl\/index.php?rest_route=\/wp\/v2\/pages\/290","targetHints":{"allow":["GET"]}}],"collection":[{"href":"http:\/\/www.kldianamilicz.pl\/index.php?rest_route=\/wp\/v2\/pages"}],"about":[{"href":"http:\/\/www.kldianamilicz.pl\/index.php?rest_route=\/wp\/v2\/types\/page"}],"author":[{"embeddable":true,"href":"http:\/\/www.kldianamilicz.pl\/index.php?rest_route=\/wp\/v2\/users\/1"}],"replies":[{"embeddable":true,"href":"http:\/\/www.kldianamilicz.pl\/index.php?rest_route=%2Fwp%2Fv2%2Fcomments&post=290"}],"version-history":[{"count":22,"href":"http:\/\/www.kldianamilicz.pl\/index.php?rest_route=\/wp\/v2\/pages\/290\/revisions"}],"predecessor-version":[{"id":2833,"href":"http:\/\/www.kldianamilicz.pl\/index.php?rest_route=\/wp\/v2\/pages\/290\/revisions\/2833"}],"up":[{"embeddable":true,"href":"http:\/\/www.kldianamilicz.pl\/index.php?rest_route=\/wp\/v2\/pages\/281"}],"wp:attachment":[{"href":"http:\/\/www.kldianamilicz.pl\/index.php?rest_route=%2Fwp%2Fv2%2Fmedia&parent=290"}],"curies":[{"name":"wp","href":"https:\/\/api.w.org\/{rel}","templated":true}]}}