{"id":3,"date":"2010-04-14T09:22:16","date_gmt":"2010-04-14T09:22:16","guid":{"rendered":"http:\/\/www.kldianamilicz.pl\/?page_id=3"},"modified":"2025-03-20T09:20:52","modified_gmt":"2025-03-20T09:20:52","slug":"czlonkowie-kola","status":"publish","type":"page","link":"http:\/\/www.kldianamilicz.pl\/?page_id=3","title":{"rendered":"Cz\u0142onkowie Ko\u0142a"},"content":{"rendered":"<ol style=\"margin-top: 0cm;\" type=\"1\">\n<li>Badyna Piotr<\/li>\n<li>Baran Andrzej<\/li>\n<li>Baran Patryk<\/li>\n<li><a href=\"http:\/\/www.kldianamilicz.pl\/?page_id=3089\">Becker Roman<\/a><\/li>\n<li class=\"MsoNormal\" style=\"mso-list: l1 level1 lfo1; tab-stops: list 36.0pt;\"><a href=\"http:\/\/www.kldianamilicz.pl\/?page_id=48\">Binek Zenon<\/a><\/li>\n<li class=\"MsoNormal\" style=\"mso-list: l1 level1 lfo1; tab-stops: list 36.0pt;\"><a href=\"http:\/\/www.kldianamilicz.pl\/?page_id=53\">B\u0142aszczyk Zygmunt<\/a><\/li>\n<li class=\"MsoNormal\" style=\"mso-list: l1 level1 lfo1; tab-stops: list 36.0pt;\"><a href=\"http:\/\/www.kldianamilicz.pl\/?page_id=57\">Buszy\u0144ski Mariusz<\/a><\/li>\n<li class=\"MsoNormal\" style=\"mso-list: l1 level1 lfo1; tab-stops: list 36.0pt;\">Ca\u0142ujek Pawe\u0142<\/li>\n<li class=\"MsoNormal\" style=\"mso-list: l1 level1 lfo1; tab-stops: list 36.0pt;\"><a href=\"http:\/\/www.kldianamilicz.pl\/?page_id=5\">Czerwi\u0144ski Hubert<\/a><\/li>\n<li class=\"MsoNormal\" style=\"mso-list: l1 level1 lfo1; tab-stops: list 36.0pt;\"><a href=\"http:\/\/www.kldianamilicz.pl\/?page_id=72\">Dwojak Piotr<\/a><\/li>\n<li class=\"MsoNormal\" style=\"mso-list: l1 level1 lfo1; tab-stops: list 36.0pt;\"><a href=\"http:\/\/www.kldianamilicz.pl\/?page_id=200\">Golec Krzysztof<\/a><\/li>\n<li class=\"MsoNormal\" style=\"mso-list: l1 level1 lfo1; tab-stops: list 36.0pt;\">Gotter Czes\u0142aw<\/li>\n<li class=\"MsoNormal\" style=\"mso-list: l1 level1 lfo1; tab-stops: list 36.0pt;\"><a href=\"http:\/\/www.kldianamilicz.pl\/?page_id=207\">Gryczka Krzysztof<\/a><\/li>\n<li class=\"MsoNormal\" style=\"mso-list: l1 level1 lfo1; tab-stops: list 36.0pt;\">Grzeszczuk Konrad<\/li>\n<li class=\"MsoNormal\" style=\"mso-list: l1 level1 lfo1; tab-stops: list 36.0pt;\"><a href=\"http:\/\/www.kldianamilicz.pl\/?page_id=82\">H\u0142adczuk Zbigniew<\/a><\/li>\n<li class=\"MsoNormal\" style=\"mso-list: l1 level1 lfo1; tab-stops: list 36.0pt;\"><a href=\"http:\/\/www.kldianamilicz.pl\/?page_id=91\">Hy\u017cy Zbigniew<\/a><\/li>\n<li class=\"MsoNormal\" style=\"mso-list: l1 level1 lfo1; tab-stops: list 36.0pt;\"><a href=\"http:\/\/www.kldianamilicz.pl\/?page_id=94\">Jangas Wojciech<\/a><\/li>\n<li class=\"MsoNormal\" style=\"mso-list: l1 level1 lfo1; tab-stops: list 36.0pt;\"><a href=\"http:\/\/www.kldianamilicz.pl\/?page_id=98\">Jurecki Jerzy<\/a><\/li>\n<li class=\"MsoNormal\" style=\"mso-list: l1 level1 lfo1; tab-stops: list 36.0pt;\"><a href=\"http:\/\/www.kldianamilicz.pl\/?page_id=214\">Jurek Wies\u0142aw<\/a><\/li>\n<li class=\"MsoNormal\" style=\"mso-list: l1 level1 lfo1; tab-stops: list 36.0pt;\">Karpi\u0144ski Grzegorz<\/li>\n<li class=\"MsoNormal\" style=\"mso-list: l1 level1 lfo1; tab-stops: list 36.0pt;\"><a href=\"http:\/\/www.kldianamilicz.pl\/?page_id=106\">Kolanowski Kazimierz<\/a><\/li>\n<li>Kopras Kamil<\/li>\n<li class=\"MsoNormal\" style=\"mso-list: l1 level1 lfo1; tab-stops: list 36.0pt;\">Koz\u0142owski Micha\u0142<\/li>\n<li class=\"MsoNormal\" style=\"mso-list: l1 level1 lfo1; tab-stops: list 36.0pt;\">Krysiak Miko\u0142aj<\/li>\n<li class=\"MsoNormal\" style=\"mso-list: l1 level1 lfo1; tab-stops: list 36.0pt;\">Krysiak Roland<\/li>\n<li class=\"MsoNormal\" style=\"mso-list: l1 level1 lfo1; tab-stops: list 36.0pt;\">Kuzaj Tomasz<\/li>\n<li class=\"MsoNormal\" style=\"mso-list: l1 level1 lfo1; tab-stops: list 36.0pt;\"><a href=\"http:\/\/www.kldianamilicz.pl\/?page_id=114\">\u0141awrynowicz Maciej<\/a><\/li>\n<li class=\"MsoNormal\" style=\"mso-list: l1 level1 lfo1; tab-stops: list 36.0pt;\"><a href=\"http:\/\/www.kldianamilicz.pl\/?page_id=133\">\u0141uczyszyn Adam<\/a><\/li>\n<li class=\"MsoNormal\" style=\"mso-list: l1 level1 lfo1; tab-stops: list 36.0pt;\">\u0141uszczy\u0144ski Mariusz<\/li>\n<li class=\"MsoNormal\" style=\"mso-list: l1 level1 lfo1; tab-stops: list 36.0pt;\"><a href=\"http:\/\/www.kldianamilicz.pl\/?page_id=222\">\u0141uszczy\u0144ski Mieczys\u0142aw<\/a><\/li>\n<li><a href=\"http:\/\/www.kldianamilicz.pl\/?page_id=3520\">Majda Damian<\/a><\/li>\n<li>Markowski Artur<\/li>\n<li class=\"MsoNormal\" style=\"mso-list: l1 level1 lfo1; tab-stops: list 36.0pt;\"><a href=\"http:\/\/www.kldianamilicz.pl\/?page_id=151\">Mioduszewski Witold<\/a><\/li>\n<li class=\"MsoNormal\" style=\"mso-list: l1 level1 lfo1; tab-stops: list 36.0pt;\"><a href=\"http:\/\/www.kldianamilicz.pl\/?page_id=160\">Musia\u0142 Robert<\/a><\/li>\n<li class=\"MsoNormal\" style=\"mso-list: l1 level1 lfo1; tab-stops: list 36.0pt;\"><a href=\"http:\/\/www.kldianamilicz.pl\/?page_id=165\">Musia\u0142 Zdzis\u0142aw<\/a><\/li>\n<li class=\"MsoNormal\" style=\"mso-list: l1 level1 lfo1; tab-stops: list 36.0pt;\"><a href=\"http:\/\/www.kldianamilicz.pl\/?page_id=3082\">Olejnik Sebastian<\/a><\/li>\n<li>Panek Grzegorz<\/li>\n<li>Pasterniak Marcin<\/li>\n<li>Pawlaczek Andrzej<\/li>\n<li>Pietruszczak Kamil<\/li>\n<li>Pl\u0105skowski Marek<\/li>\n<li>Ratajczyk Artur<\/li>\n<li class=\"MsoNormal\" style=\"mso-list: l1 level1 lfo1; tab-stops: list 36.0pt;\"><a href=\"http:\/\/www.kldianamilicz.pl\/?page_id=175\">Reka Dariusz<\/a><\/li>\n<li class=\"MsoNormal\" style=\"mso-list: l1 level1 lfo1; tab-stops: list 36.0pt;\"><a href=\"http:\/\/www.kldianamilicz.pl\/?page_id=177\">Reka Stanis\u0142aw<\/a><\/li>\n<li><a href=\"http:\/\/www.kldianamilicz.pl\/?page_id=170\">Skiba Zdzis\u0142aw<\/a><\/li>\n<li><a href=\"http:\/\/www.kldianamilicz.pl\/?page_id=233\">Stanis\u0142awski Marian<\/a><\/li>\n<li class=\"MsoNormal\" style=\"mso-list: l1 level1 lfo1; tab-stops: list 36.0pt;\"><a href=\"http:\/\/www.kldianamilicz.pl\/?page_id=164\">Statkiewicz Marek<\/a><\/li>\n<li class=\"MsoNormal\" style=\"mso-list: l1 level1 lfo1; tab-stops: list 36.0pt;\">Swora S\u0142awomir<\/li>\n<li>Szcz\u0119ch Dariusz<\/li>\n<li class=\"MsoNormal\" style=\"mso-list: l1 level1 lfo1; tab-stops: list 36.0pt;\">Szulc Dawid<\/li>\n<li class=\"MsoNormal\" style=\"mso-list: l1 level1 lfo1; tab-stops: list 36.0pt;\">\u015awi\u0105tkowski Jaros\u0142aw<\/li>\n<li class=\"MsoNormal\" style=\"mso-list: l1 level1 lfo1; tab-stops: list 36.0pt;\"><a href=\"http:\/\/www.kldianamilicz.pl\/?page_id=155\">\u015awi\u0105tkowski Pawe\u0142<\/a><\/li>\n<li class=\"MsoNormal\" style=\"mso-list: l1 level1 lfo1; tab-stops: list 36.0pt;\">Tokar Maciej<\/li>\n<li class=\"MsoNormal\" style=\"mso-list: l1 level1 lfo1; tab-stops: list 36.0pt;\">Waszkowiak Robert<\/li>\n<li class=\"MsoNormal\" style=\"mso-list: l1 level1 lfo1; tab-stops: list 36.0pt;\"><a href=\"http:\/\/www.kldianamilicz.pl\/?page_id=149\">Wencek Wojciech<\/a><\/li>\n<li class=\"MsoNormal\" style=\"mso-list: l1 level1 lfo1; tab-stops: list 36.0pt;\">Wiatrak Piotr<\/li>\n<li class=\"MsoNormal\" style=\"mso-list: l1 level1 lfo1; tab-stops: list 36.0pt;\">Wrzesi\u0144ski Wojciech<\/li>\n<li class=\"MsoNormal\" style=\"mso-list: l1 level1 lfo1; tab-stops: list 36.0pt;\"><a href=\"http:\/\/www.kldianamilicz.pl\/?page_id=147\">Wyczesany Marek<\/a><\/li>\n<li>Zalewski Adam<\/li>\n<li><a href=\"http:\/\/www.kldianamilicz.pl\/?page_id=3085\">Zalewski Kamil<\/a><\/li>\n<\/ol>\n<p>Obecni sta\u017cy\u015bci: Krawiec Karol, Szymczyk Piotr<\/p>\n<p>Cz\u0142onkami naszego ko\u0142a byli:<\/p>\n<p><a href=\"http:\/\/www.kldianamilicz.pl\/?page_id=47\">Bia\u0142ek Andrzej<\/a>,\u00a0<a href=\"http:\/\/www.kldianamilicz.pl\/?page_id=196\">G\u0142adkowski Feliks<\/a>,\u00a0Grabowski Szczepan,\u00a0<a href=\"http:\/\/www.kldianamilicz.pl\/?page_id=173\">Papier W\u0142odzimierz<\/a>,\u00a0<a href=\"http:\/\/www.kldianamilicz.pl\/?page_id=110\">Kozyra Stanis\u0142aw<\/a>, \u0141awrynowicz Wojciech,\u00a0<a href=\"http:\/\/www.kldianamilicz.pl\/?page_id=161\">Struga\u0142a Zbigniew<\/a>,\u00a0<a href=\"http:\/\/www.kldianamilicz.pl\/?page_id=7\">Zajiczek Piotr<\/a>, Zych Ryszard, <a href=\"http:\/\/www.kldianamilicz.pl\/?page_id=168\">Olejnik Jan, <\/a><a href=\"http:\/\/www.kldianamilicz.pl\/?page_id=239\">\u015awi\u0105tkowski Zbigniew<\/a><\/p>\n<p>Do \u201eKrainy Wiecznych \u0141ow\u00f3w\u201d odeszli:<\/p>\n<p>\u2022 Becker Kazimierz<br \/>\n\u2022 Cho\u0142odecki Edmund<br \/>\n\u2022\u00a0Czerwi\u0144ski Zdzis\u0142aw<br \/>\n\u2022 \u0106wiklik Jan<br \/>\n\u2022 Dwojak Kazimierz<br \/>\n\u2022 Grabowski Mieczys\u0142aw<br \/>\n\u2022\u00a0Grajczak Zygmunt<br \/>\n\u2022 Gryczka Ignacy<br \/>\n\u2022 Jurek Stanis\u0142aw<br \/>\n\u2022 Karpowicz Zdzis\u0142aw<br \/>\n\u2022 Klemke W\u0142odzimierz<br \/>\n\u2022 Kobyla\u0144ski Tadeusz<br \/>\n\u2022 Kosmala J\u00f3zef<br \/>\n\u2022 Kowalewski Ludwik<br \/>\n\u2022 Krauze W\u0142adys\u0142aw<br \/>\n\u2022 Kulisch Jerzy<br \/>\n\u2022 Kurzy\u0144ski Zbigniew<br \/>\n\u2022 Laskowicz Tadeusz<br \/>\n\u2022 Laskowicz W\u0142adys\u0142aw<br \/>\n\u2022 Matyba Janusz<br \/>\n\u2022 Minta Ireneusz<br \/>\n\u2022 Mi\u015b Ryszard<br \/>\n\u2022 Musia\u0142 W\u0142adys\u0142aw<br \/>\n\u2022 Paluszczak Kazimierz<br \/>\n\u2022 Patkowski Marian<br \/>\n\u2022 Pi\u0144kowski Stanis\u0142aw<br \/>\n\u2022 Przy\u015blak Tadeusz<br \/>\n\u2022 Rostalski Zygmunt<br \/>\n\u2022 Skwira Jan<br \/>\n\u2022 Szczurek Micha\u0142<br \/>\n\u2022 Szyd\u0142owski Stanis\u0142aw<br \/>\n\u2022 \u015awi\u0105tkowski Edward<br \/>\n\u2022\u00a0\u015awi\u0105tkowski Krzysztof<br \/>\n\u2022 W\u0119gierek Stanis\u0142aw<br \/>\n\u2022 Zajiczek Franciszek<\/p>\n<ul>\n<li style=\"text-align: right;\">aktualizacja 04-2023<\/li>\n<\/ul>\n","protected":false},"excerpt":{"rendered":"<p>Badyna Piotr Baran Andrzej Baran Patryk Becker Roman Binek Zenon B\u0142aszczyk Zygmunt Buszy\u0144ski Mariusz Ca\u0142ujek Pawe\u0142 Czerwi\u0144ski Hubert Dwojak Piotr Golec Krzysztof Gotter Czes\u0142aw Gryczka Krzysztof Grzeszczuk Konrad H\u0142adczuk Zbigniew Hy\u017cy Zbigniew Jangas Wojciech Jurecki Jerzy Jurek Wies\u0142aw Karpi\u0144ski Grzegorz Kolanowski Kazimierz Kopras Kamil Koz\u0142owski Micha\u0142 Krysiak Miko\u0142aj Krysiak Roland Kuzaj Tomasz \u0141awrynowicz Maciej \u0141uczyszyn [&hellip;]<\/p>\n","protected":false},"author":1,"featured_media":0,"parent":0,"menu_order":9,"comment_status":"closed","ping_status":"closed","template":"","meta":{"footnotes":""},"class_list":["post-3","page","type-page","status-publish","hentry"],"_links":{"self":[{"href":"http:\/\/www.kldianamilicz.pl\/index.php?rest_route=\/wp\/v2\/pages\/3","targetHints":{"allow":["GET"]}}],"collection":[{"href":"http:\/\/www.kldianamilicz.pl\/index.php?rest_route=\/wp\/v2\/pages"}],"about":[{"href":"http:\/\/www.kldianamilicz.pl\/index.php?rest_route=\/wp\/v2\/types\/page"}],"author":[{"embeddable":true,"href":"http:\/\/www.kldianamilicz.pl\/index.php?rest_route=\/wp\/v2\/users\/1"}],"replies":[{"embeddable":true,"href":"http:\/\/www.kldianamilicz.pl\/index.php?rest_route=%2Fwp%2Fv2%2Fcomments&post=3"}],"version-history":[{"count":109,"href":"http:\/\/www.kldianamilicz.pl\/index.php?rest_route=\/wp\/v2\/pages\/3\/revisions"}],"predecessor-version":[{"id":4404,"href":"http:\/\/www.kldianamilicz.pl\/index.php?rest_route=\/wp\/v2\/pages\/3\/revisions\/4404"}],"wp:attachment":[{"href":"http:\/\/www.kldianamilicz.pl\/index.php?rest_route=%2Fwp%2Fv2%2Fmedia&parent=3"}],"curies":[{"name":"wp","href":"https:\/\/api.w.org\/{rel}","templated":true}]}}