{"id":39,"date":"2010-04-16T08:30:52","date_gmt":"2010-04-16T08:30:52","guid":{"rendered":"http:\/\/www.kldianamilicz.pl\/?page_id=39"},"modified":"2015-06-12T21:46:38","modified_gmt":"2015-06-12T21:46:38","slug":"pogoda","status":"publish","type":"page","link":"http:\/\/www.kldianamilicz.pl\/?page_id=39","title":{"rendered":"Pogoda i ksi\u0119\u017cyc"},"content":{"rendered":"<h3>Pogoda dla rejon\u00f3w<\/h3>\n<h4 style=\"text-align: left; padding-left: 30px;\"><span style=\"color: #008000;\"><strong><a style=\"color: #008000;\" href=\"http:\/\/new.meteo.pl\/um\/php\/meteorogram_id_um.php?ntype=0u&amp;id=1086\" target=\"_blank\">Milicz<\/a><\/strong><\/span><\/h4>\n<h4 style=\"text-align: left; padding-left: 30px;\"><span style=\"color: #008000;\"><a style=\"color: #008000;\" href=\"http:\/\/new.meteo.pl\/um\/php\/meteorogram_id_um.php?ntype=0u&amp;id=1143\" target=\"_blank\"><strong>\u017bmigr\u00f3d<\/strong><\/a><\/span><\/h4>\n<p>&nbsp;<\/p>\n<h3>Ksi\u0119\u017cyc i S\u0142o\u0144ce<\/h3>\n<h4 style=\"padding-left: 30px;\"><span style=\"color: #008000;\"><strong><a style=\"color: #008000;\" href=\"http:\/\/www.lowiecki.pl\/ksiezyc\/ksiezyc.php\" target=\"_blank\">Kalendarz wschod\u00f3w i zachod\u00f3w S\u0142o\u0144ca i Ksi\u0119\u017cyca<\/a><\/strong><\/span><\/h4>\n<p style=\"padding-left: 30px;\"><span style=\"color: #008000;\"><strong><a style=\"color: #008000;\" href=\"http:\/\/www.kalendarz-365.pl\/ksiezyca\/kalendarz-ksiezycowy.html\" target=\"_blank\">Kalendarz ksi\u0119\u017cycowy<\/a><\/strong><\/span><\/p>\n","protected":false},"excerpt":{"rendered":"<p>Pogoda dla rejon\u00f3w Milicz \u017bmigr\u00f3d &nbsp; Ksi\u0119\u017cyc i S\u0142o\u0144ce Kalendarz wschod\u00f3w i zachod\u00f3w S\u0142o\u0144ca i Ksi\u0119\u017cyca Kalendarz ksi\u0119\u017cycowy<\/p>\n","protected":false},"author":1,"featured_media":0,"parent":0,"menu_order":39,"comment_status":"closed","ping_status":"closed","template":"","meta":{"footnotes":""},"class_list":["post-39","page","type-page","status-publish","hentry"],"_links":{"self":[{"href":"http:\/\/www.kldianamilicz.pl\/index.php?rest_route=\/wp\/v2\/pages\/39","targetHints":{"allow":["GET"]}}],"collection":[{"href":"http:\/\/www.kldianamilicz.pl\/index.php?rest_route=\/wp\/v2\/pages"}],"about":[{"href":"http:\/\/www.kldianamilicz.pl\/index.php?rest_route=\/wp\/v2\/types\/page"}],"author":[{"embeddable":true,"href":"http:\/\/www.kldianamilicz.pl\/index.php?rest_route=\/wp\/v2\/users\/1"}],"replies":[{"embeddable":true,"href":"http:\/\/www.kldianamilicz.pl\/index.php?rest_route=%2Fwp%2Fv2%2Fcomments&post=39"}],"version-history":[{"count":19,"href":"http:\/\/www.kldianamilicz.pl\/index.php?rest_route=\/wp\/v2\/pages\/39\/revisions"}],"predecessor-version":[{"id":4125,"href":"http:\/\/www.kldianamilicz.pl\/index.php?rest_route=\/wp\/v2\/pages\/39\/revisions\/4125"}],"wp:attachment":[{"href":"http:\/\/www.kldianamilicz.pl\/index.php?rest_route=%2Fwp%2Fv2%2Fmedia&parent=39"}],"curies":[{"name":"wp","href":"https:\/\/api.w.org\/{rel}","templated":true}]}}