{"id":3930,"date":"2010-04-13T08:46:18","date_gmt":"2010-04-13T08:46:18","guid":{"rendered":"http:\/\/www.kldianamilicz.pl\/?page_id=3930"},"modified":"2023-12-27T16:26:48","modified_gmt":"2023-12-27T16:26:48","slug":"informacje-dla-czlonkow","status":"publish","type":"page","link":"http:\/\/www.kldianamilicz.pl\/?page_id=3930","title":{"rendered":"<b style=>Informacje dla cz\u0142onk\u00f3w<\/b>"},"content":{"rendered":"<p>Przej\u015bcie na forum dla cz\u0142onk\u00f3w.<\/p>\n<h1 style=\"text-align: center;\"><span style=\"color: #339966;\"><a style=\"color: #339966;\" href=\"http:\/\/forum.kldianamilicz.pl\/wp-login.php\" target=\"_blank\" rel=\"noopener\">KLIKNIJ ABY PRZEJ\u015a\u0106 DO NASZEGO FORUM<\/a><\/span><\/h1>\n<h2 style=\"padding-left: 30px;\"><span style=\"color: #ff00ff;\">SZYBKI START DO EPI<\/span><\/h2>\n<p><strong><span style=\"color: #ff00ff;\">Wersja\u00a0na komputer<br \/>\n<\/span><\/strong><strong><span style=\"color: #ff00ff;\">(umo\u017cliwia wpisy, ewidencj\u0119, dane, korespondencj\u0119 z ko\u0142em, itp)\u00a0<\/span><\/strong><\/p>\n<p><strong><a href=\"http:\/\/www.epi24.pl\/diana07\" target=\"_blank\" rel=\"noopener\">http:\/\/www.epi24.pl\/diana07<\/a><\/strong><\/p>\n<p>na stronie na samej g\u00f3rze jest panel kt\u00f3ry otwieramy plusikiem, i logujemy si\u0119\u00a0<strong>Logowanie EPI &#8211; Ewidencja<\/strong><\/p>\n<p>tam wprowadzamy dane<\/p>\n<p style=\"padding-left: 90px;\"><span style=\"color: #ff0000;\">Nazwisko i Imi\u0119: dok\u0142adne urz\u0119dowe nazwisko i imi\u0119<\/span><br \/>\n<span style=\"color: #ff0000;\"> Has\u0142o : cztery pierwsze cyfry PESEL (rok dwucyfrowy i miesi\u0105c)<\/span><\/p>\n<p><span style=\"color: #ff00ff;\"><strong>Wersja\u00a0na telefon<br \/>\n(s\u0142u\u017cy g\u0142\u00f3wnie do dokonywania wpis\u00f3w w ksi\u0105\u017ck\u0119)<\/strong><\/span><\/p>\n<p>Epi na telefon umo\u017cliwia wpisywanie si\u0119 do ksi\u0105\u017cki, szersze mo\u017cliwo\u015bci posiada wersja komputerowa\/przegl\u0105darkowa.<\/p>\n<p>EPI24 Android \u2013 bezp\u0142atna aplikacja w Sklepie Google Play &#8211; <a href=\"https:\/\/play.google.com\/store\/apps\/details?id=com.Epi24\" target=\"_blank\" rel=\"noopener\"><strong>EPI24 Android<\/strong><\/a><\/p>\n<p>EPI24 iOS \u2013 bezp\u0142atna aplikacja w AppStore &#8211; <strong><a href=\"https:\/\/apps.apple.com\/pl\/app\/epi24\/id1338904448?l=pl\" target=\"_blank\" rel=\"noopener\">EPI24 iOS<\/a><\/strong><\/p>\n<p>po instalacji aplikacji w telefonie, w polu \u2018Identyfikator\u2019 zamiast s\u0142owa demo, nale\u017cy wpisa\u0107\u00a0 <strong>diana07<br \/>\n<\/strong><\/p>\n","protected":false},"excerpt":{"rendered":"<p>Przej\u015bcie na forum dla cz\u0142onk\u00f3w. KLIKNIJ ABY PRZEJ\u015a\u0106 DO NASZEGO FORUM SZYBKI START DO EPI Wersja\u00a0na komputer (umo\u017cliwia wpisy, ewidencj\u0119, dane, korespondencj\u0119 z ko\u0142em, itp)\u00a0 http:\/\/www.epi24.pl\/diana07 na stronie na samej g\u00f3rze jest panel kt\u00f3ry otwieramy plusikiem, i logujemy si\u0119\u00a0Logowanie EPI &#8211; Ewidencja tam wprowadzamy dane Nazwisko i Imi\u0119: dok\u0142adne urz\u0119dowe nazwisko i imi\u0119 Has\u0142o : [&hellip;]<\/p>\n","protected":false},"author":1,"featured_media":0,"parent":0,"menu_order":3,"comment_status":"open","ping_status":"closed","template":"","meta":{"footnotes":""},"class_list":["post-3930","page","type-page","status-publish","hentry"],"_links":{"self":[{"href":"http:\/\/www.kldianamilicz.pl\/index.php?rest_route=\/wp\/v2\/pages\/3930","targetHints":{"allow":["GET"]}}],"collection":[{"href":"http:\/\/www.kldianamilicz.pl\/index.php?rest_route=\/wp\/v2\/pages"}],"about":[{"href":"http:\/\/www.kldianamilicz.pl\/index.php?rest_route=\/wp\/v2\/types\/page"}],"author":[{"embeddable":true,"href":"http:\/\/www.kldianamilicz.pl\/index.php?rest_route=\/wp\/v2\/users\/1"}],"replies":[{"embeddable":true,"href":"http:\/\/www.kldianamilicz.pl\/index.php?rest_route=%2Fwp%2Fv2%2Fcomments&post=3930"}],"version-history":[{"count":31,"href":"http:\/\/www.kldianamilicz.pl\/index.php?rest_route=\/wp\/v2\/pages\/3930\/revisions"}],"predecessor-version":[{"id":4381,"href":"http:\/\/www.kldianamilicz.pl\/index.php?rest_route=\/wp\/v2\/pages\/3930\/revisions\/4381"}],"wp:attachment":[{"href":"http:\/\/www.kldianamilicz.pl\/index.php?rest_route=%2Fwp%2Fv2%2Fmedia&parent=3930"}],"curies":[{"name":"wp","href":"https:\/\/api.w.org\/{rel}","templated":true}]}}