{"id":4329,"date":"2021-10-04T09:26:23","date_gmt":"2021-10-04T09:26:23","guid":{"rendered":"http:\/\/www.kldianamilicz.pl\/?page_id=4329"},"modified":"2021-10-04T09:41:21","modified_gmt":"2021-10-04T09:41:21","slug":"sprzedaz-dziczyzny","status":"publish","type":"page","link":"http:\/\/www.kldianamilicz.pl\/?page_id=4329","title":{"rendered":"<b style=\"color: #f00;\">SPRZEDA\u017b DZICZYZNY<\/b>"},"content":{"rendered":"\n<p style=\"font-size:19px\">Nasze ko\u0142o prowadzi sprzeda\u017c dziczyzny dla os\u00f3b fizycznych.<br><br>W ofercie do nabycia:<br>&#8211; sarna<br>&#8211; jele\u0144<br><\/p>\n\n\n\n<p class=\"has-text-align-center\"><strong>Warunki:<\/strong><\/p>\n\n\n\n<ol class=\"wp-block-list\"><li>Zg\u0142oszenie ch\u0119ci nabycia wraz z podaniem danych osobowych i teleadresowych.<\/li><li>Termin realizacji zam\u00f3wienia ustalany indywidualnie.<\/li><li>Wymagany odbi\u00f3r w czasie 24 godzin od powiadomienia o realizacji zam\u00f3wienia.<\/li><li>Cena uzgadniana indywidualnie.<\/li><\/ol>\n\n\n\n<p>Wkr\u00f3tce wi\u0119cej informacji.<\/p>\n\n\n\n<p class=\"has-text-align-right\"><em>aktualizacja: 04-10-2021<\/em><\/p>\n","protected":false},"excerpt":{"rendered":"<p>Nasze ko\u0142o prowadzi sprzeda\u017c dziczyzny dla os\u00f3b fizycznych. W ofercie do nabycia:&#8211; sarna&#8211; jele\u0144 Warunki: Zg\u0142oszenie ch\u0119ci nabycia wraz z podaniem danych osobowych i teleadresowych. Termin realizacji zam\u00f3wienia ustalany indywidualnie. Wymagany odbi\u00f3r w czasie 24 godzin od powiadomienia o realizacji zam\u00f3wienia. Cena uzgadniana indywidualnie. Wkr\u00f3tce wi\u0119cej informacji. aktualizacja: 04-10-2021<\/p>\n","protected":false},"author":1,"featured_media":0,"parent":0,"menu_order":0,"comment_status":"closed","ping_status":"closed","template":"","meta":{"footnotes":""},"class_list":["post-4329","page","type-page","status-publish","hentry"],"_links":{"self":[{"href":"http:\/\/www.kldianamilicz.pl\/index.php?rest_route=\/wp\/v2\/pages\/4329","targetHints":{"allow":["GET"]}}],"collection":[{"href":"http:\/\/www.kldianamilicz.pl\/index.php?rest_route=\/wp\/v2\/pages"}],"about":[{"href":"http:\/\/www.kldianamilicz.pl\/index.php?rest_route=\/wp\/v2\/types\/page"}],"author":[{"embeddable":true,"href":"http:\/\/www.kldianamilicz.pl\/index.php?rest_route=\/wp\/v2\/users\/1"}],"replies":[{"embeddable":true,"href":"http:\/\/www.kldianamilicz.pl\/index.php?rest_route=%2Fwp%2Fv2%2Fcomments&post=4329"}],"version-history":[{"count":14,"href":"http:\/\/www.kldianamilicz.pl\/index.php?rest_route=\/wp\/v2\/pages\/4329\/revisions"}],"predecessor-version":[{"id":4352,"href":"http:\/\/www.kldianamilicz.pl\/index.php?rest_route=\/wp\/v2\/pages\/4329\/revisions\/4352"}],"wp:attachment":[{"href":"http:\/\/www.kldianamilicz.pl\/index.php?rest_route=%2Fwp%2Fv2%2Fmedia&parent=4329"}],"curies":[{"name":"wp","href":"https:\/\/api.w.org\/{rel}","templated":true}]}}