{"id":47,"date":"2010-04-16T08:41:21","date_gmt":"2010-04-16T08:41:21","guid":{"rendered":"http:\/\/www.kldianamilicz.pl\/?page_id=47"},"modified":"2010-05-31T17:36:54","modified_gmt":"2010-05-31T17:36:54","slug":"bialek-andrzej","status":"publish","type":"page","link":"http:\/\/www.kldianamilicz.pl\/?page_id=47","title":{"rendered":"<center>Bia\u0142ek Andrzej<\/center>"},"content":{"rendered":"<p style=\"text-align: center;\">\n<p style=\"text-align: center;\"><img loading=\"lazy\" decoding=\"async\" class=\"size-medium wp-image-2705 aligncenter\" title=\"Bia\u0142ek Andrzej\" src=\"http:\/\/www.kldianamilicz.pl\/wp-content\/uploads\/2010\/04\/Bia\u0142ek-Andrzej-272x300.jpg\" alt=\"\" width=\"272\" height=\"300\" srcset=\"http:\/\/www.kldianamilicz.pl\/wp-content\/uploads\/2010\/04\/Bia\u0142ek-Andrzej-272x300.jpg 272w, http:\/\/www.kldianamilicz.pl\/wp-content\/uploads\/2010\/04\/Bia\u0142ek-Andrzej.jpg 768w\" sizes=\"auto, (max-width: 272px) 100vw, 272px\" \/><\/p>\n<p style=\"text-align: center;\">\u00bb PZ\u0141 \u2013 1998,<br \/>\n\u00bb K\u0141 \u201eDiana\u201d \u2013 1998,<br \/>\n\u00bb selekcjoner,<br \/>\n\u00bb cz\u0142onek zarz\u0105du ko\u0142a \u2013 2000 \u2013 2010<br \/>\n\u00bb sekretarz ko\u0142a \u2013 2010 &#8211; nadal,<\/p>\n","protected":false},"excerpt":{"rendered":"<p>\u00bb PZ\u0141 \u2013 1998, \u00bb K\u0141 \u201eDiana\u201d \u2013 1998, \u00bb selekcjoner, \u00bb cz\u0142onek zarz\u0105du ko\u0142a \u2013 2000 \u2013 2010 \u00bb sekretarz ko\u0142a \u2013 2010 &#8211; nadal,<\/p>\n","protected":false},"author":1,"featured_media":0,"parent":3,"menu_order":0,"comment_status":"closed","ping_status":"closed","template":"","meta":{"footnotes":""},"class_list":["post-47","page","type-page","status-publish","hentry"],"_links":{"self":[{"href":"http:\/\/www.kldianamilicz.pl\/index.php?rest_route=\/wp\/v2\/pages\/47","targetHints":{"allow":["GET"]}}],"collection":[{"href":"http:\/\/www.kldianamilicz.pl\/index.php?rest_route=\/wp\/v2\/pages"}],"about":[{"href":"http:\/\/www.kldianamilicz.pl\/index.php?rest_route=\/wp\/v2\/types\/page"}],"author":[{"embeddable":true,"href":"http:\/\/www.kldianamilicz.pl\/index.php?rest_route=\/wp\/v2\/users\/1"}],"replies":[{"embeddable":true,"href":"http:\/\/www.kldianamilicz.pl\/index.php?rest_route=%2Fwp%2Fv2%2Fcomments&post=47"}],"version-history":[{"count":16,"href":"http:\/\/www.kldianamilicz.pl\/index.php?rest_route=\/wp\/v2\/pages\/47\/revisions"}],"predecessor-version":[{"id":264,"href":"http:\/\/www.kldianamilicz.pl\/index.php?rest_route=\/wp\/v2\/pages\/47\/revisions\/264"}],"up":[{"embeddable":true,"href":"http:\/\/www.kldianamilicz.pl\/index.php?rest_route=\/wp\/v2\/pages\/3"}],"wp:attachment":[{"href":"http:\/\/www.kldianamilicz.pl\/index.php?rest_route=%2Fwp%2Fv2%2Fmedia&parent=47"}],"curies":[{"name":"wp","href":"https:\/\/api.w.org\/{rel}","templated":true}]}}