{"id":57,"date":"2010-04-16T08:43:13","date_gmt":"2010-04-16T08:43:13","guid":{"rendered":"http:\/\/www.kldianamilicz.pl\/?page_id=57"},"modified":"2010-05-31T13:43:14","modified_gmt":"2010-05-31T13:43:14","slug":"buszynski-mariusz","status":"publish","type":"page","link":"http:\/\/www.kldianamilicz.pl\/?page_id=57","title":{"rendered":"<center>Buszy\u0144ski Mariusz<\/center>"},"content":{"rendered":"<p><img loading=\"lazy\" decoding=\"async\" class=\"aligncenter size-full wp-image-1641\" title=\"Mariusz Buszy\u0144ski\" src=\"http:\/\/www.kldianamilicz.pl\/wp-content\/uploads\/2010\/04\/Mariusz-Buszy\u0144ski.jpg\" alt=\"\" width=\"215\" height=\"320\" srcset=\"http:\/\/www.kldianamilicz.pl\/wp-content\/uploads\/2010\/04\/Mariusz-Buszy\u0144ski.jpg 215w, http:\/\/www.kldianamilicz.pl\/wp-content\/uploads\/2010\/04\/Mariusz-Buszy\u0144ski-201x300.jpg 201w\" sizes=\"auto, (max-width: 215px) 100vw, 215px\" \/><\/p>\n<p style=\"text-align: center;\">\u00bb PZ\u0141 \u2013 2003,<br \/>\n\u00bb K\u0141 \u00a0\u201eDiana&#8221; \u2013 2003,<br \/>\n\u00bb cz\u0142onek zarz\u0105du ko\u0142a \u2013 2010 \u2013 nadal<\/p>\n","protected":false},"excerpt":{"rendered":"<p>\u00bb PZ\u0141 \u2013 2003, \u00bb K\u0141 \u00a0\u201eDiana&#8221; \u2013 2003, \u00bb cz\u0142onek zarz\u0105du ko\u0142a \u2013 2010 \u2013 nadal<\/p>\n","protected":false},"author":1,"featured_media":0,"parent":3,"menu_order":0,"comment_status":"closed","ping_status":"closed","template":"","meta":{"footnotes":""},"class_list":["post-57","page","type-page","status-publish","hentry"],"_links":{"self":[{"href":"http:\/\/www.kldianamilicz.pl\/index.php?rest_route=\/wp\/v2\/pages\/57","targetHints":{"allow":["GET"]}}],"collection":[{"href":"http:\/\/www.kldianamilicz.pl\/index.php?rest_route=\/wp\/v2\/pages"}],"about":[{"href":"http:\/\/www.kldianamilicz.pl\/index.php?rest_route=\/wp\/v2\/types\/page"}],"author":[{"embeddable":true,"href":"http:\/\/www.kldianamilicz.pl\/index.php?rest_route=\/wp\/v2\/users\/1"}],"replies":[{"embeddable":true,"href":"http:\/\/www.kldianamilicz.pl\/index.php?rest_route=%2Fwp%2Fv2%2Fcomments&post=57"}],"version-history":[{"count":5,"href":"http:\/\/www.kldianamilicz.pl\/index.php?rest_route=\/wp\/v2\/pages\/57\/revisions"}],"predecessor-version":[{"id":1640,"href":"http:\/\/www.kldianamilicz.pl\/index.php?rest_route=\/wp\/v2\/pages\/57\/revisions\/1640"}],"up":[{"embeddable":true,"href":"http:\/\/www.kldianamilicz.pl\/index.php?rest_route=\/wp\/v2\/pages\/3"}],"wp:attachment":[{"href":"http:\/\/www.kldianamilicz.pl\/index.php?rest_route=%2Fwp%2Fv2%2Fmedia&parent=57"}],"curies":[{"name":"wp","href":"https:\/\/api.w.org\/{rel}","templated":true}]}}