{"id":266,"date":"2010-04-16T14:42:35","date_gmt":"2010-04-16T14:42:35","guid":{"rendered":"http:\/\/www.kldianamilicz.pl\/?page_id=266"},"modified":"2015-05-29T20:01:51","modified_gmt":"2015-05-29T20:01:51","slug":"strona-glowna","status":"publish","type":"page","link":"https:\/\/www.kldianamilicz.pl\/","title":{"rendered":"Strona g\u0142\u00f3wna"},"content":{"rendered":"<p style=\"text-align: center;\"><img loading=\"lazy\" decoding=\"async\" width=\"1025\" height=\"1024\" class=\"size-full wp-image-668 aligncenter\" title=\"strona g\u0142\u00f3wna\" src=\"http:\/\/www.kldianamilicz.pl\/wp-content\/uploads\/2010\/04\/strona-g\u0142\u00f3wna1.jpg\" alt=\"\" srcset=\"https:\/\/www.kldianamilicz.pl\/wp-content\/uploads\/2010\/04\/strona-g\u0142\u00f3wna1.jpg 1025w, https:\/\/www.kldianamilicz.pl\/wp-content\/uploads\/2010\/04\/strona-g\u0142\u00f3wna1-150x150.jpg 150w, https:\/\/www.kldianamilicz.pl\/wp-content\/uploads\/2010\/04\/strona-g\u0142\u00f3wna1-300x299.jpg 300w, https:\/\/www.kldianamilicz.pl\/wp-content\/uploads\/2010\/04\/strona-g\u0142\u00f3wna1-1024x1023.jpg 1024w\" sizes=\"auto, (max-width: 1025px) 100vw, 1025px\" \/><\/p>\n<p style=\"text-align: center;\">Natenczas Wojski chwyci\u0142 na ta\u015bmie przypi\u0119ty<br \/>\nSw\u00f3j r\u00f3g bawoli, d\u0142ugi, c\u0119tkowany, kr\u0119ty<br \/>\nJak w\u0105\u017c boa, obur\u0105cz do ust go przycisn\u0105\u0142<br \/>\nWzd\u0105\u0142 policzki jak bani\u0119, w oczach krwi\u0105 zab\u0142ysn\u0105\u0142,<br \/>\nZasun\u0105\u0142 wp\u00f3\u0142 powieki, wci\u0105gn\u0105\u0142 wg\u0142\u0105b p\u00f3\u0142 brzucha<br \/>\nI do p\u0142uc wys\u0142a\u0142 z niego ca\u0142y zapas ducha,<br \/>\nI zagra\u0142 ! R\u00f3g jak wicher, niewstrzymanym dechem<br \/>\nNiesie w puszcz\u0119 muzyk\u0119 i podwaja echem<br \/>\nUmilkli strzelce, stali szczwacze zadziwieni<br \/>\nMoc\u0105, czysto\u015bci\u0105, dziwn\u0105 harmonij\u0105 pieni.<br \/>\nStarzec ca\u0142y kunszt, kt\u00f3rym niegdy\u015b w lasach s\u0142yn\u0105\u0142,<br \/>\nJeszcze raz przed uszami my\u015bliwc\u00f3w rozwin\u0105\u0142;<br \/>\nNape\u0142ni\u0142 wnet, o\u017cywi\u0142 knieje i d\u0105browy,<br \/>\nJakby psiarni\u0119 w nie wpu\u015bci\u0142 i rozpocz\u0105\u0142 \u0142owy.<br \/>\nBo w graniu by\u0142a \u0142ow\u00f3w historyja kr\u00f3tka:<br \/>\nZrazu odzew d\u017awi\u0119cz\u0105cy, rze\u015bki: to pobudka;<br \/>\nPotem j\u0119ki po j\u0119kach skoml\u0105: to ps\u00f3w granie;<br \/>\nA gdzieniegdzie ton twardszy jak grzmot: to strzelanie.<\/p>\n<p style=\"text-align: center;\">Adam Mickiewicz<\/p>\n<p style=\"text-align: center;\">\n","protected":false},"excerpt":{"rendered":"<p>Natenczas Wojski chwyci\u0142 na ta\u015bmie przypi\u0119ty Sw\u00f3j r\u00f3g bawoli, d\u0142ugi, c\u0119tkowany, kr\u0119ty Jak w\u0105\u017c boa, obur\u0105cz do ust go przycisn\u0105\u0142 Wzd\u0105\u0142 policzki jak bani\u0119, w oczach krwi\u0105 zab\u0142ysn\u0105\u0142, Zasun\u0105\u0142 wp\u00f3\u0142 powieki, wci\u0105gn\u0105\u0142 wg\u0142\u0105b p\u00f3\u0142 brzucha I do p\u0142uc wys\u0142a\u0142 z niego ca\u0142y zapas ducha, I zagra\u0142 ! R\u00f3g jak wicher, niewstrzymanym dechem Niesie w puszcz\u0119 [&hellip;]<\/p>\n","protected":false},"author":1,"featured_media":0,"parent":0,"menu_order":0,"comment_status":"closed","ping_status":"closed","template":"","meta":{"footnotes":""},"class_list":["post-266","page","type-page","status-publish","hentry"],"_links":{"self":[{"href":"https:\/\/www.kldianamilicz.pl\/index.php?rest_route=\/wp\/v2\/pages\/266","targetHints":{"allow":["GET"]}}],"collection":[{"href":"https:\/\/www.kldianamilicz.pl\/index.php?rest_route=\/wp\/v2\/pages"}],"about":[{"href":"https:\/\/www.kldianamilicz.pl\/index.php?rest_route=\/wp\/v2\/types\/page"}],"author":[{"embeddable":true,"href":"https:\/\/www.kldianamilicz.pl\/index.php?rest_route=\/wp\/v2\/users\/1"}],"replies":[{"embeddable":true,"href":"https:\/\/www.kldianamilicz.pl\/index.php?rest_route=%2Fwp%2Fv2%2Fcomments&post=266"}],"version-history":[{"count":25,"href":"https:\/\/www.kldianamilicz.pl\/index.php?rest_route=\/wp\/v2\/pages\/266\/revisions"}],"predecessor-version":[{"id":3881,"href":"https:\/\/www.kldianamilicz.pl\/index.php?rest_route=\/wp\/v2\/pages\/266\/revisions\/3881"}],"wp:attachment":[{"href":"https:\/\/www.kldianamilicz.pl\/index.php?rest_route=%2Fwp%2Fv2%2Fmedia&parent=266"}],"curies":[{"name":"wp","href":"https:\/\/api.w.org\/{rel}","templated":true}]}}